{"id":696,"date":"2024-01-29T10:01:51","date_gmt":"2024-01-29T15:01:51","guid":{"rendered":"https:\/\/soluwin.ca\/careers\/"},"modified":"2024-03-05T11:57:28","modified_gmt":"2024-03-05T16:57:28","slug":"careers","status":"publish","type":"page","link":"https:\/\/soluwin.ca\/en\/careers\/","title":{"rendered":"Careers"},"content":{"rendered":"<p>[et_pb_section fb_built=&#8221;1&#8243; custom_padding_last_edited=&#8221;on|tablet&#8221; _builder_version=&#8221;4.23.1&#8243; _module_preset=&#8221;default&#8221; background_image=&#8221;https:\/\/soluwin.ca\/wp-content\/uploads\/2023\/12\/map-soluwin.svg&#8221; min_height_tablet=&#8221;&#8221; min_height_phone=&#8221;&#8221; min_height_last_edited=&#8221;on|desktop&#8221; custom_margin=&#8221;||||false|false&#8221; custom_padding=&#8221;18%||1%||false|false&#8221; custom_padding_tablet=&#8221;20vh||2vh||false|false&#8221; custom_padding_phone=&#8221;20vh||0vh||false|false&#8221; background_last_edited=&#8221;on|phone&#8221; background_position_phone=&#8221;center_right&#8221; global_colors_info=&#8221;{}&#8221;][et_pb_row custom_padding_last_edited=&#8221;on|tablet&#8221; _builder_version=&#8221;4.23.1&#8243; _module_preset=&#8221;default&#8221; width_tablet=&#8221;84%&#8221; width_phone=&#8221;84%&#8221; width_last_edited=&#8221;on|tablet&#8221; custom_padding_tablet=&#8221;||0px||false|false&#8221; custom_padding_phone=&#8221;||0px||false|false&#8221; global_colors_info=&#8221;{}&#8221;][et_pb_column type=&#8221;4_4&#8243; _builder_version=&#8221;4.23.1&#8243; _module_preset=&#8221;default&#8221; global_colors_info=&#8221;{}&#8221;][et_pb_text module_class=&#8221;titres&#8221; _builder_version=&#8221;4.24.0&#8243; _module_preset=&#8221;default&#8221; header_font=&#8221;||||||||&#8221; header_text_color=&#8221;#FFFFFF&#8221; header_font_size=&#8221;4vw&#8221; custom_margin=&#8221;||4%||false|false&#8221; animation_style=&#8221;slide&#8221; animation_direction=&#8221;bottom&#8221; animation_duration=&#8221;500ms&#8221; animation_intensity_slide=&#8221;30%&#8221; header_font_size_tablet=&#8221;50px&#8221; header_font_size_phone=&#8221;40px&#8221; header_font_size_last_edited=&#8221;on|tablet&#8221; global_colors_info=&#8221;{}&#8221;]<\/p>\n<h1>Careers<\/h1>\n<p>[\/et_pb_text][\/et_pb_column][\/et_pb_row][\/et_pb_section][et_pb_section fb_built=&#8221;1&#8243; _builder_version=&#8221;4.23.1&#8243; _module_preset=&#8221;default&#8221; background_color=&#8221;#E7EBF4&#8243; custom_padding=&#8221;0px||0px||true|false&#8221; global_colors_info=&#8221;{}&#8221;][et_pb_row column_structure=&#8221;2_5,3_5&#8243; use_custom_gutter=&#8221;on&#8221; gutter_width=&#8221;1&#8243; make_equal=&#8221;on&#8221; module_class=&#8221;row-liste-emplois&#8221; _builder_version=&#8221;4.24.0&#8243; _module_preset=&#8221;default&#8221; width=&#8221;100%&#8221; max_width=&#8221;100%&#8221; custom_padding=&#8221;0px||0px||true|false&#8221; hover_enabled=&#8221;0&#8243; border_color_bottom=&#8221;#94C73B&#8221; global_colors_info=&#8221;{}&#8221; sticky_enabled=&#8221;0&#8243;][et_pb_column type=&#8221;2_5&#8243; _builder_version=&#8221;4.24.0&#8243; _module_preset=&#8221;default&#8221; use_background_color_gradient=&#8221;on&#8221; background_color_gradient_stops=&#8221;rgba(3,16,29,0.84) 0%|rgba(3,16,29,0.35) 100%&#8221; background_color_gradient_overlays_image=&#8221;on&#8221; background_image=&#8221;https:\/\/soluwin.ca\/wp-content\/uploads\/2023\/12\/techniciens-soluwin-carrieres-accueil.jpg&#8221; custom_padding=&#8221;|6.5vw||6.5vw|false|true&#8221; custom_padding_tablet=&#8221;|8%||8%|false|true&#8221; custom_padding_phone=&#8221;9%|8%||8%|false|true&#8221; custom_padding_last_edited=&#8221;on|tablet&#8221; hover_enabled=&#8221;0&#8243; background_last_edited=&#8221;on|tablet&#8221; use_background_color_gradient_tablet=&#8221;on&#8221; background_color_gradient_stops_tablet=&#8221;rgba(3,16,29,0.05) 0%|rgba(3,16,29,0.69) 74%&#8221; global_colors_info=&#8221;{}&#8221; sticky_enabled=&#8221;0&#8243;][et_pb_text _builder_version=&#8221;4.23.1&#8243; _module_preset=&#8221;default&#8221; global_colors_info=&#8221;{}&#8221;][\/et_pb_text][et_pb_text _builder_version=&#8221;4.24.0&#8243; _module_preset=&#8221;default&#8221; text_text_color=&#8221;#E7EBF4&#8243; text_font_size=&#8221;27px&#8221; header_text_color=&#8221;#009DC2&#8243; header_2_font=&#8221;|||on|||||&#8221; header_2_text_align=&#8221;center&#8221; header_2_text_color=&#8221;#FFFFFF&#8221; header_2_font_size=&#8221;1.8vw&#8221; header_2_letter_spacing=&#8221;1px&#8221; custom_margin=&#8221;14%||15px||false|false&#8221; custom_margin_tablet=&#8221;25%||15px||false|false&#8221; custom_margin_phone=&#8221;25%||15px||false|false&#8221; custom_margin_last_edited=&#8221;on|tablet&#8221; hover_enabled=&#8221;0&#8243; header_2_text_align_tablet=&#8221;left&#8221; header_2_text_align_phone=&#8221;left&#8221; header_2_text_align_last_edited=&#8221;on|tablet&#8221; header_2_font_size_tablet=&#8221;35px&#8221; header_2_font_size_phone=&#8221;25px&#8221; header_2_font_size_last_edited=&#8221;on|tablet&#8221; header_2_text_shadow_style=&#8221;preset3&#8243; header_2_text_shadow_color=&#8221;rgba(3,16,29,0.5)&#8221; global_colors_info=&#8221;{}&#8221; sticky_enabled=&#8221;0&#8243;]<\/p>\n<h2>DO YOU WANT TO WORK IN A HIGHLY GROWING FIELD?<\/h2>\n<p>[\/et_pb_text][\/et_pb_column][et_pb_column type=&#8221;3_5&#8243; _builder_version=&#8221;4.24.0&#8243; _module_preset=&#8221;default&#8221; custom_padding=&#8221;11vh|7vw|15vh|7vw|false|true&#8221; custom_padding_tablet=&#8221;8%|8%|8%|8%|true|true&#8221; custom_padding_phone=&#8221;12%|8%|12%|8%|true|true&#8221; custom_padding_last_edited=&#8221;on|tablet&#8221; border_color_bottom=&#8221;#94C73B&#8221; global_colors_info=&#8221;{}&#8221;][et_pb_text _builder_version=&#8221;4.24.0&#8243; _module_preset=&#8221;default&#8221; text_text_color=&#8221;#03101D&#8221; text_font_size=&#8221;1.5vw&#8221; header_2_font_size=&#8221;1.8vw&#8221; header_2_line_height=&#8221;1.1em&#8221; header_3_font_size=&#8221;1.7vw&#8221; header_3_line_height=&#8221;1.1em&#8221; custom_margin=&#8221;||30px||false|false&#8221; custom_margin_tablet=&#8221;||30px||false|false&#8221; custom_margin_phone=&#8221;||15px||false|false&#8221; custom_margin_last_edited=&#8221;on|phone&#8221; text_font_size_tablet=&#8221;18px&#8221; text_font_size_phone=&#8221;18px&#8221; text_font_size_last_edited=&#8221;on|desktop&#8221; text_line_height_tablet=&#8221;&#8221; text_line_height_phone=&#8221;1.4em&#8221; text_line_height_last_edited=&#8221;on|phone&#8221; header_font_size_tablet=&#8221;35px&#8221; header_font_size_phone=&#8221;35px&#8221; header_font_size_last_edited=&#8221;on|tablet&#8221; header_2_font_size_tablet=&#8221;30px&#8221; header_2_font_size_phone=&#8221;22px&#8221; header_2_font_size_last_edited=&#8221;on|phone&#8221; header_3_font_size_tablet=&#8221;27px&#8221; header_3_font_size_phone=&#8221;20px&#8221; header_3_font_size_last_edited=&#8221;on|desktop&#8221; global_colors_info=&#8221;{}&#8221;]<\/p>\n<h2>We offer training and advancement opportunities, join us today!<\/h2>\n<p>[\/et_pb_text][et_pb_text _builder_version=&#8221;4.24.0&#8243; _module_preset=&#8221;default&#8221; text_text_color=&#8221;#03101D&#8221; text_font_size=&#8221;1.5vw&#8221; header_2_font_size=&#8221;1.8vw&#8221; header_2_line_height=&#8221;1.1em&#8221; header_3_font_size=&#8221;1.7vw&#8221; header_3_line_height=&#8221;1.1em&#8221; custom_margin=&#8221;||30px||false|false&#8221; custom_margin_tablet=&#8221;||30px||false|false&#8221; custom_margin_phone=&#8221;||15px||false|false&#8221; custom_margin_last_edited=&#8221;on|phone&#8221; text_font_size_tablet=&#8221;18px&#8221; text_font_size_phone=&#8221;18px&#8221; text_font_size_last_edited=&#8221;on|desktop&#8221; text_line_height_tablet=&#8221;&#8221; text_line_height_phone=&#8221;1.4em&#8221; text_line_height_last_edited=&#8221;on|phone&#8221; header_font_size_tablet=&#8221;35px&#8221; header_font_size_phone=&#8221;35px&#8221; header_font_size_last_edited=&#8221;on|tablet&#8221; header_2_font_size_tablet=&#8221;30px&#8221; header_2_font_size_phone=&#8221;22px&#8221; header_2_font_size_last_edited=&#8221;on|phone&#8221; header_3_font_size_tablet=&#8221;27px&#8221; header_3_font_size_phone=&#8221;20px&#8221; header_3_font_size_last_edited=&#8221;on|desktop&#8221; global_colors_info=&#8221;{}&#8221;]<\/p>\n<h2>Positions available:<\/h2>\n<p>[\/et_pb_text][et_pb_blog post_type=&#8221;emploi&#8221; posts_number=&#8221;20&#8243; show_thumbnail=&#8221;off&#8221; excerpt_length=&#8221;100&#8243; show_author=&#8221;off&#8221; show_date=&#8221;off&#8221; show_categories=&#8221;off&#8221; show_excerpt=&#8221;off&#8221; show_pagination=&#8221;off&#8221; _builder_version=&#8221;4.24.0&#8243; _module_preset=&#8221;default&#8221; header_font=&#8221;||||||||&#8221; header_text_color=&#8221;#039448&#8243; header_font_size=&#8221;1.5vw&#8221; body_font_size=&#8221;20px&#8221; custom_margin=&#8221;||10%||false|false&#8221; custom_margin_tablet=&#8221;||10%||false|false&#8221; custom_margin_phone=&#8221;||15%||false|false&#8221; custom_margin_last_edited=&#8221;on|tablet&#8221; hover_enabled=&#8221;0&#8243; header_font_size_tablet=&#8221;20px&#8221; header_font_size_phone=&#8221;18px&#8221; header_font_size_last_edited=&#8221;on|tablet&#8221; global_colors_info=&#8221;{}&#8221; header_text_color__hover_enabled=&#8221;on|desktop&#8221; header_text_color__hover=&#8221;#94C73B&#8221; sticky_enabled=&#8221;0&#8243;][\/et_pb_blog][et_pb_text module_class=&#8221;bouton-bleu&#8221; _builder_version=&#8221;4.24.0&#8243; _dynamic_attributes=&#8221;link_option_url&#8221; _module_preset=&#8221;default&#8221; animation_style=&#8221;slide&#8221; animation_direction=&#8221;bottom&#8221; animation_duration=&#8221;400ms&#8221; animation_delay=&#8221;200ms&#8221; link_option_url=&#8221;@ET-DC@eyJkeW5hbWljIjp0cnVlLCJjb250ZW50IjoicG9zdF9saW5rX3VybF9wYWdlIiwic2V0dGluZ3MiOnsicG9zdF9pZCI6IjM5MyJ9fQ==@&#8221; global_colors_info=&#8221;{}&#8221;]<\/p>\n<p>Apply online<\/p>\n<p>[\/et_pb_text][et_pb_text _builder_version=&#8221;4.24.0&#8243; _module_preset=&#8221;default&#8221; text_text_color=&#8221;#03101D&#8221; custom_margin=&#8221;30px||||false|false&#8221; text_font_size_tablet=&#8221;20px&#8221; text_font_size_phone=&#8221;18px&#8221; text_font_size_last_edited=&#8221;on|phone&#8221; global_colors_info=&#8221;{}&#8221;]<\/p>\n<p>Or send your resume at <a href=\"mailto:info@soluwin.ca\"><span style=\"text-decoration: underline; color: #03101d;\">info@soluwin.ca<\/span><\/a><\/p>\n<p>[\/et_pb_text][\/et_pb_column][\/et_pb_row][\/et_pb_section]<\/p>\n","protected":false},"excerpt":{"rendered":"<p>CareersDO YOU WANT TO WORK IN A HIGHLY GROWING FIELD?We offer training and advancement opportunities, join us today!Positions available:Apply onlineOr send your resume at info@soluwin.ca<\/p>\n","protected":false},"author":1,"featured_media":601,"parent":0,"menu_order":0,"comment_status":"closed","ping_status":"closed","template":"","meta":{"_acf_changed":false,"_et_pb_use_builder":"on","_et_pb_old_content":"","_et_gb_content_width":"","inline_featured_image":false,"footnotes":""},"class_list":["post-696","page","type-page","status-publish","has-post-thumbnail","hentry"],"acf":[],"yoast_head":"<!-- This site is optimized with the Yoast SEO plugin v27.5 - https:\/\/yoast.com\/product\/yoast-seo-wordpress\/ -->\n<title>Careers - Services Soluwin Inc.<\/title>\n<meta name=\"robots\" content=\"index, follow, max-snippet:-1, max-image-preview:large, max-video-preview:-1\" \/>\n<link rel=\"canonical\" href=\"https:\/\/soluwin.ca\/en\/careers\/\" \/>\n<meta property=\"og:locale\" content=\"en_US\" \/>\n<meta property=\"og:type\" content=\"article\" \/>\n<meta property=\"og:title\" content=\"Careers - Services Soluwin Inc.\" \/>\n<meta property=\"og:description\" content=\"CareersDO YOU WANT TO WORK IN A HIGHLY GROWING FIELD?We offer training and advancement opportunities, join us today!Positions available:Apply onlineOr send your resume at info@soluwin.ca\" \/>\n<meta property=\"og:url\" content=\"https:\/\/soluwin.ca\/en\/careers\/\" \/>\n<meta property=\"og:site_name\" content=\"Services Soluwin Inc.\" \/>\n<meta property=\"article:publisher\" content=\"https:\/\/www.facebook.com\/soluwininc\" \/>\n<meta property=\"article:modified_time\" content=\"2024-03-05T16:57:28+00:00\" \/>\n<meta property=\"og:image\" content=\"https:\/\/soluwin.ca\/wp-content\/uploads\/2024\/02\/techniciens-sur-eoliennes-soluwin.jpg\" \/>\n\t<meta property=\"og:image:width\" content=\"1628\" \/>\n\t<meta property=\"og:image:height\" content=\"917\" \/>\n\t<meta property=\"og:image:type\" content=\"image\/jpeg\" \/>\n<meta name=\"twitter:card\" content=\"summary_large_image\" \/>\n<meta name=\"twitter:label1\" content=\"Est. reading time\" \/>\n\t<meta name=\"twitter:data1\" content=\"5 minutes\" \/>\n<script type=\"application\/ld+json\" class=\"yoast-schema-graph\">{\"@context\":\"https:\\\/\\\/schema.org\",\"@graph\":[{\"@type\":\"WebPage\",\"@id\":\"https:\\\/\\\/soluwin.ca\\\/en\\\/careers\\\/\",\"url\":\"https:\\\/\\\/soluwin.ca\\\/en\\\/careers\\\/\",\"name\":\"Careers - Services Soluwin Inc.\",\"isPartOf\":{\"@id\":\"https:\\\/\\\/soluwin.ca\\\/en\\\/#website\"},\"primaryImageOfPage\":{\"@id\":\"https:\\\/\\\/soluwin.ca\\\/en\\\/careers\\\/#primaryimage\"},\"image\":{\"@id\":\"https:\\\/\\\/soluwin.ca\\\/en\\\/careers\\\/#primaryimage\"},\"thumbnailUrl\":\"https:\\\/\\\/soluwin.ca\\\/wp-content\\\/uploads\\\/2024\\\/02\\\/techniciens-sur-eoliennes-soluwin.jpg\",\"datePublished\":\"2024-01-29T15:01:51+00:00\",\"dateModified\":\"2024-03-05T16:57:28+00:00\",\"breadcrumb\":{\"@id\":\"https:\\\/\\\/soluwin.ca\\\/en\\\/careers\\\/#breadcrumb\"},\"inLanguage\":\"en-US\",\"potentialAction\":[{\"@type\":\"ReadAction\",\"target\":[\"https:\\\/\\\/soluwin.ca\\\/en\\\/careers\\\/\"]}]},{\"@type\":\"ImageObject\",\"inLanguage\":\"en-US\",\"@id\":\"https:\\\/\\\/soluwin.ca\\\/en\\\/careers\\\/#primaryimage\",\"url\":\"https:\\\/\\\/soluwin.ca\\\/wp-content\\\/uploads\\\/2024\\\/02\\\/techniciens-sur-eoliennes-soluwin.jpg\",\"contentUrl\":\"https:\\\/\\\/soluwin.ca\\\/wp-content\\\/uploads\\\/2024\\\/02\\\/techniciens-sur-eoliennes-soluwin.jpg\",\"width\":1628,\"height\":917},{\"@type\":\"BreadcrumbList\",\"@id\":\"https:\\\/\\\/soluwin.ca\\\/en\\\/careers\\\/#breadcrumb\",\"itemListElement\":[{\"@type\":\"ListItem\",\"position\":1,\"name\":\"Accueil\",\"item\":\"https:\\\/\\\/soluwin.ca\\\/en\\\/\"},{\"@type\":\"ListItem\",\"position\":2,\"name\":\"Careers\"}]},{\"@type\":\"WebSite\",\"@id\":\"https:\\\/\\\/soluwin.ca\\\/en\\\/#website\",\"url\":\"https:\\\/\\\/soluwin.ca\\\/en\\\/\",\"name\":\"Services Soluwin Inc.\",\"description\":\"Maintenance et r\u00e9paration industrielle dans les secteurs \u00e9olien et solaire en Am\u00e9rique du Nord\",\"publisher\":{\"@id\":\"https:\\\/\\\/soluwin.ca\\\/en\\\/#organization\"},\"potentialAction\":[{\"@type\":\"SearchAction\",\"target\":{\"@type\":\"EntryPoint\",\"urlTemplate\":\"https:\\\/\\\/soluwin.ca\\\/en\\\/?s={search_term_string}\"},\"query-input\":{\"@type\":\"PropertyValueSpecification\",\"valueRequired\":true,\"valueName\":\"search_term_string\"}}],\"inLanguage\":\"en-US\"},{\"@type\":\"Organization\",\"@id\":\"https:\\\/\\\/soluwin.ca\\\/en\\\/#organization\",\"name\":\"Services Soluwin Inc.\",\"url\":\"https:\\\/\\\/soluwin.ca\\\/en\\\/\",\"logo\":{\"@type\":\"ImageObject\",\"inLanguage\":\"en-US\",\"@id\":\"https:\\\/\\\/soluwin.ca\\\/en\\\/#\\\/schema\\\/logo\\\/image\\\/\",\"url\":\"https:\\\/\\\/soluwin.ca\\\/wp-content\\\/uploads\\\/2024\\\/02\\\/Logo-Soluwin-Eolien-Solaire.png\",\"contentUrl\":\"https:\\\/\\\/soluwin.ca\\\/wp-content\\\/uploads\\\/2024\\\/02\\\/Logo-Soluwin-Eolien-Solaire.png\",\"width\":415,\"height\":426,\"caption\":\"Services Soluwin Inc.\"},\"image\":{\"@id\":\"https:\\\/\\\/soluwin.ca\\\/en\\\/#\\\/schema\\\/logo\\\/image\\\/\"},\"sameAs\":[\"https:\\\/\\\/www.facebook.com\\\/soluwininc\"]}]}<\/script>\n<!-- \/ Yoast SEO plugin. -->","yoast_head_json":{"title":"Careers - Services Soluwin Inc.","robots":{"index":"index","follow":"follow","max-snippet":"max-snippet:-1","max-image-preview":"max-image-preview:large","max-video-preview":"max-video-preview:-1"},"canonical":"https:\/\/soluwin.ca\/en\/careers\/","og_locale":"en_US","og_type":"article","og_title":"Careers - Services Soluwin Inc.","og_description":"CareersDO YOU WANT TO WORK IN A HIGHLY GROWING FIELD?We offer training and advancement opportunities, join us today!Positions available:Apply onlineOr send your resume at info@soluwin.ca","og_url":"https:\/\/soluwin.ca\/en\/careers\/","og_site_name":"Services Soluwin Inc.","article_publisher":"https:\/\/www.facebook.com\/soluwininc","article_modified_time":"2024-03-05T16:57:28+00:00","og_image":[{"width":1628,"height":917,"url":"https:\/\/soluwin.ca\/wp-content\/uploads\/2024\/02\/techniciens-sur-eoliennes-soluwin.jpg","type":"image\/jpeg"}],"twitter_card":"summary_large_image","twitter_misc":{"Est. reading time":"5 minutes"},"schema":{"@context":"https:\/\/schema.org","@graph":[{"@type":"WebPage","@id":"https:\/\/soluwin.ca\/en\/careers\/","url":"https:\/\/soluwin.ca\/en\/careers\/","name":"Careers - Services Soluwin Inc.","isPartOf":{"@id":"https:\/\/soluwin.ca\/en\/#website"},"primaryImageOfPage":{"@id":"https:\/\/soluwin.ca\/en\/careers\/#primaryimage"},"image":{"@id":"https:\/\/soluwin.ca\/en\/careers\/#primaryimage"},"thumbnailUrl":"https:\/\/soluwin.ca\/wp-content\/uploads\/2024\/02\/techniciens-sur-eoliennes-soluwin.jpg","datePublished":"2024-01-29T15:01:51+00:00","dateModified":"2024-03-05T16:57:28+00:00","breadcrumb":{"@id":"https:\/\/soluwin.ca\/en\/careers\/#breadcrumb"},"inLanguage":"en-US","potentialAction":[{"@type":"ReadAction","target":["https:\/\/soluwin.ca\/en\/careers\/"]}]},{"@type":"ImageObject","inLanguage":"en-US","@id":"https:\/\/soluwin.ca\/en\/careers\/#primaryimage","url":"https:\/\/soluwin.ca\/wp-content\/uploads\/2024\/02\/techniciens-sur-eoliennes-soluwin.jpg","contentUrl":"https:\/\/soluwin.ca\/wp-content\/uploads\/2024\/02\/techniciens-sur-eoliennes-soluwin.jpg","width":1628,"height":917},{"@type":"BreadcrumbList","@id":"https:\/\/soluwin.ca\/en\/careers\/#breadcrumb","itemListElement":[{"@type":"ListItem","position":1,"name":"Accueil","item":"https:\/\/soluwin.ca\/en\/"},{"@type":"ListItem","position":2,"name":"Careers"}]},{"@type":"WebSite","@id":"https:\/\/soluwin.ca\/en\/#website","url":"https:\/\/soluwin.ca\/en\/","name":"Services Soluwin Inc.","description":"Maintenance et r\u00e9paration industrielle dans les secteurs \u00e9olien et solaire en Am\u00e9rique du Nord","publisher":{"@id":"https:\/\/soluwin.ca\/en\/#organization"},"potentialAction":[{"@type":"SearchAction","target":{"@type":"EntryPoint","urlTemplate":"https:\/\/soluwin.ca\/en\/?s={search_term_string}"},"query-input":{"@type":"PropertyValueSpecification","valueRequired":true,"valueName":"search_term_string"}}],"inLanguage":"en-US"},{"@type":"Organization","@id":"https:\/\/soluwin.ca\/en\/#organization","name":"Services Soluwin Inc.","url":"https:\/\/soluwin.ca\/en\/","logo":{"@type":"ImageObject","inLanguage":"en-US","@id":"https:\/\/soluwin.ca\/en\/#\/schema\/logo\/image\/","url":"https:\/\/soluwin.ca\/wp-content\/uploads\/2024\/02\/Logo-Soluwin-Eolien-Solaire.png","contentUrl":"https:\/\/soluwin.ca\/wp-content\/uploads\/2024\/02\/Logo-Soluwin-Eolien-Solaire.png","width":415,"height":426,"caption":"Services Soluwin Inc."},"image":{"@id":"https:\/\/soluwin.ca\/en\/#\/schema\/logo\/image\/"},"sameAs":["https:\/\/www.facebook.com\/soluwininc"]}]}},"_links":{"self":[{"href":"https:\/\/soluwin.ca\/en\/wp-json\/wp\/v2\/pages\/696","targetHints":{"allow":["GET"]}}],"collection":[{"href":"https:\/\/soluwin.ca\/en\/wp-json\/wp\/v2\/pages"}],"about":[{"href":"https:\/\/soluwin.ca\/en\/wp-json\/wp\/v2\/types\/page"}],"author":[{"embeddable":true,"href":"https:\/\/soluwin.ca\/en\/wp-json\/wp\/v2\/users\/1"}],"replies":[{"embeddable":true,"href":"https:\/\/soluwin.ca\/en\/wp-json\/wp\/v2\/comments?post=696"}],"version-history":[{"count":3,"href":"https:\/\/soluwin.ca\/en\/wp-json\/wp\/v2\/pages\/696\/revisions"}],"predecessor-version":[{"id":699,"href":"https:\/\/soluwin.ca\/en\/wp-json\/wp\/v2\/pages\/696\/revisions\/699"}],"wp:featuredmedia":[{"embeddable":true,"href":"https:\/\/soluwin.ca\/en\/wp-json\/wp\/v2\/media\/601"}],"wp:attachment":[{"href":"https:\/\/soluwin.ca\/en\/wp-json\/wp\/v2\/media?parent=696"}],"curies":[{"name":"wp","href":"https:\/\/api.w.org\/{rel}","templated":true}]}}