{"id":690,"date":"2024-02-07T09:45:05","date_gmt":"2024-02-07T14:45:05","guid":{"rendered":"https:\/\/soluwin.ca\/health-and-safety\/"},"modified":"2024-03-05T11:56:15","modified_gmt":"2024-03-05T16:56:15","slug":"health-and-safety","status":"publish","type":"page","link":"https:\/\/soluwin.ca\/en\/health-and-safety\/","title":{"rendered":"Health and Safety"},"content":{"rendered":"<p>[et_pb_section fb_built=&#8221;1&#8243; custom_padding_last_edited=&#8221;on|tablet&#8221; _builder_version=&#8221;4.23.1&#8243; _module_preset=&#8221;default&#8221; background_image=&#8221;https:\/\/soluwin.ca\/wp-content\/uploads\/2023\/12\/map-soluwin.svg&#8221; min_height_tablet=&#8221;&#8221; min_height_phone=&#8221;&#8221; min_height_last_edited=&#8221;on|desktop&#8221; custom_margin=&#8221;||||false|false&#8221; custom_padding=&#8221;18%||1%||false|false&#8221; custom_padding_tablet=&#8221;20vh||2vh||false|false&#8221; custom_padding_phone=&#8221;20vh||0vh||false|false&#8221; background_last_edited=&#8221;on|phone&#8221; background_position_phone=&#8221;center_right&#8221; global_colors_info=&#8221;{}&#8221;][et_pb_row custom_padding_last_edited=&#8221;on|tablet&#8221; _builder_version=&#8221;4.23.1&#8243; _module_preset=&#8221;default&#8221; width_tablet=&#8221;84%&#8221; width_phone=&#8221;84%&#8221; width_last_edited=&#8221;on|tablet&#8221; custom_padding_tablet=&#8221;||0px||false|false&#8221; custom_padding_phone=&#8221;||0px||false|false&#8221; global_colors_info=&#8221;{}&#8221;][et_pb_column type=&#8221;4_4&#8243; _builder_version=&#8221;4.23.1&#8243; _module_preset=&#8221;default&#8221; global_colors_info=&#8221;{}&#8221;][et_pb_text module_class=&#8221;titres&#8221; _builder_version=&#8221;4.24.0&#8243; _module_preset=&#8221;default&#8221; header_font=&#8221;||||||||&#8221; header_text_color=&#8221;#FFFFFF&#8221; header_font_size=&#8221;4vw&#8221; custom_margin=&#8221;||4%||false|false&#8221; animation_style=&#8221;slide&#8221; animation_direction=&#8221;bottom&#8221; animation_duration=&#8221;500ms&#8221; animation_intensity_slide=&#8221;30%&#8221; header_font_size_tablet=&#8221;50px&#8221; header_font_size_phone=&#8221;40px&#8221; header_font_size_last_edited=&#8221;on|tablet&#8221; global_colors_info=&#8221;{}&#8221;]<\/p>\n<h1>Health and Safety<\/h1>\n<p>[\/et_pb_text][\/et_pb_column][\/et_pb_row][\/et_pb_section][et_pb_section fb_built=&#8221;1&#8243; _builder_version=&#8221;4.23.1&#8243; _module_preset=&#8221;default&#8221; background_color=&#8221;#E7EBF4&#8243; custom_padding=&#8221;0px||0px||true|false&#8221; global_colors_info=&#8221;{}&#8221;][et_pb_row column_structure=&#8221;2_5,3_5&#8243; use_custom_gutter=&#8221;on&#8221; gutter_width=&#8221;1&#8243; make_equal=&#8221;on&#8221; _builder_version=&#8221;4.24.0&#8243; _module_preset=&#8221;default&#8221; width=&#8221;100%&#8221; max_width=&#8221;100%&#8221; custom_padding=&#8221;0px||0px||true|false&#8221; border_color_bottom=&#8221;#94C73B&#8221; global_colors_info=&#8221;{}&#8221;][et_pb_column type=&#8221;2_5&#8243; _builder_version=&#8221;4.24.0&#8243; _module_preset=&#8221;default&#8221; use_background_color_gradient=&#8221;on&#8221; background_color_gradient_stops=&#8221;rgba(3,16,29,0.78) 0%|rgba(3,16,29,0.42) 75%&#8221; background_color_gradient_overlays_image=&#8221;on&#8221; background_image=&#8221;https:\/\/soluwin.ca\/wp-content\/uploads\/2024\/02\/eoliennes-soluwin-2.jpg&#8221; custom_padding=&#8221;11vh|7vw||7vw|false|true&#8221; custom_padding_tablet=&#8221;|8%||8%|false|true&#8221; custom_padding_phone=&#8221;|8%||8%|false|true&#8221; custom_padding_last_edited=&#8221;on|tablet&#8221; background_last_edited=&#8221;on|tablet&#8221; use_background_color_gradient_tablet=&#8221;on&#8221; background_color_gradient_stops_tablet=&#8221;rgba(3,16,29,0.05) 0%|rgba(3,16,29,0.69) 74%&#8221; global_colors_info=&#8221;{}&#8221;][et_pb_text _builder_version=&#8221;4.24.0&#8243; _module_preset=&#8221;default&#8221; text_text_color=&#8221;#E7EBF4&#8243; text_font_size=&#8221;27px&#8221; header_text_color=&#8221;#009DC2&#8243; header_2_font=&#8221;||||||||&#8221; header_2_text_align=&#8221;left&#8221; header_2_text_color=&#8221;#FFFFFF&#8221; header_2_font_size=&#8221;2vw&#8221; header_2_letter_spacing=&#8221;1px&#8221; custom_margin=&#8221;||15px||false|false&#8221; custom_margin_tablet=&#8221;25%||15px||false|false&#8221; custom_margin_phone=&#8221;25%||15px||false|false&#8221; custom_margin_last_edited=&#8221;on|tablet&#8221; header_2_text_align_tablet=&#8221;left&#8221; header_2_text_align_phone=&#8221;left&#8221; header_2_text_align_last_edited=&#8221;on|tablet&#8221; header_2_font_size_tablet=&#8221;35px&#8221; header_2_font_size_phone=&#8221;25px&#8221; header_2_font_size_last_edited=&#8221;on|tablet&#8221; header_2_text_shadow_style=&#8221;preset3&#8243; header_2_text_shadow_color=&#8221;rgba(3,16,29,0.5)&#8221; global_colors_info=&#8221;{}&#8221;]<\/p>\n<h2>Services Soluwin Inc. wants to protect its employees and establish a proactive safety culture on each of our projects and sites.<\/h2>\n<p>[\/et_pb_text][\/et_pb_column][et_pb_column type=&#8221;3_5&#8243; _builder_version=&#8221;4.24.0&#8243; _module_preset=&#8221;default&#8221; custom_padding=&#8221;11vh|7vw|15vh|7vw|false|true&#8221; custom_padding_tablet=&#8221;8%|8%|8%|8%|true|true&#8221; custom_padding_phone=&#8221;8%|8%|8%|8%|true|true&#8221; custom_padding_last_edited=&#8221;on|tablet&#8221; border_color_bottom=&#8221;#94C73B&#8221; global_colors_info=&#8221;{}&#8221;][et_pb_text _builder_version=&#8221;4.24.0&#8243; _module_preset=&#8221;default&#8221; text_text_color=&#8221;#03101D&#8221; text_font_size=&#8221;1.5vw&#8221; header_3_font_size=&#8221;1.9vw&#8221; header_3_line_height=&#8221;1.1em&#8221; custom_margin=&#8221;||30px||false|false&#8221; custom_margin_tablet=&#8221;||30px||false|false&#8221; custom_margin_phone=&#8221;||15px||false|false&#8221; custom_margin_last_edited=&#8221;on|phone&#8221; hover_enabled=&#8221;0&#8243; text_font_size_tablet=&#8221;20px&#8221; text_font_size_phone=&#8221;18px&#8221; text_font_size_last_edited=&#8221;on|desktop&#8221; text_line_height_tablet=&#8221;1.4em&#8221; text_line_height_phone=&#8221;1.4em&#8221; text_line_height_last_edited=&#8221;on|phone&#8221; header_font_size_tablet=&#8221;35px&#8221; header_font_size_phone=&#8221;35px&#8221; header_font_size_last_edited=&#8221;on|tablet&#8221; header_3_font_size_tablet=&#8221;27px&#8221; header_3_font_size_phone=&#8221;20px&#8221; header_3_font_size_last_edited=&#8221;on|desktop&#8221; global_colors_info=&#8221;{}&#8221; sticky_enabled=&#8221;0&#8243;]<\/p>\n<p>To keep this promise, we are committed to providing and maintaining a healthy and safe workplace, as prescribed by recognized industry practices, and in compliance with legal requirements. We strive to eliminate any foreseeable hazards that could cause injury or illness, fires and irreparable damage.<\/p>\n<p>[\/et_pb_text][et_pb_image src=&#8221;https:\/\/soluwin.ca\/wp-content\/uploads\/2024\/02\/sante-securite-soluwin-image.jpg&#8221; _builder_version=&#8221;4.24.0&#8243; _module_preset=&#8221;default&#8221; alt=&#8221;Photo of Soluwin employees with safety equipment&#8221; title_text=&#8221;sante-securite-soluwin-image&#8221; hover_enabled=&#8221;0&#8243; sticky_enabled=&#8221;0&#8243; custom_margin=&#8221;||40px||false|false&#8221; max_width_last_edited=&#8221;on|desktop&#8221; max_width=&#8221;800px&#8221; custom_margin_last_edited=&#8221;on|phone&#8221; custom_margin_phone=&#8221;||20px||false|false&#8221; max_width_tablet=&#8221;800px&#8221; max_width_phone=&#8221;800px&#8221; custom_margin_tablet=&#8221;||40px||false|false&#8221;][\/et_pb_image][et_pb_text _builder_version=&#8221;4.24.0&#8243; _module_preset=&#8221;default&#8221; text_text_color=&#8221;#03101D&#8221; text_font_size=&#8221;1.5vw&#8221; header_3_font_size=&#8221;1.9vw&#8221; header_3_line_height=&#8221;1.1em&#8221; custom_margin=&#8221;||30px||false|false&#8221; custom_margin_tablet=&#8221;||30px||false|false&#8221; custom_margin_phone=&#8221;||15px||false|false&#8221; custom_margin_last_edited=&#8221;on|phone&#8221; hover_enabled=&#8221;0&#8243; text_font_size_tablet=&#8221;20px&#8221; text_font_size_phone=&#8221;18px&#8221; text_font_size_last_edited=&#8221;on|desktop&#8221; text_line_height_tablet=&#8221;1.4em&#8221; text_line_height_phone=&#8221;1.4em&#8221; text_line_height_last_edited=&#8221;on|phone&#8221; header_font_size_tablet=&#8221;35px&#8221; header_font_size_phone=&#8221;35px&#8221; header_font_size_last_edited=&#8221;on|tablet&#8221; header_3_font_size_tablet=&#8221;27px&#8221; header_3_font_size_phone=&#8221;20px&#8221; header_3_font_size_last_edited=&#8221;on|desktop&#8221; global_colors_info=&#8221;{}&#8221; sticky_enabled=&#8221;0&#8243;]<\/p>\n<p>Our <span style=\"text-decoration: underline;\"><a href=\"https:\/\/www.isnetworld.com\/fr\/\" target=\"_blank\" rel=\"noopener\" title=\"Link to ISNETworld website\"><strong>ISNetworld<\/strong><\/a><\/span> certification collects and reviews our data related to health, safety, insurance and training. The importance of keeping our training register up to date, improving skills and daily inspection of our personal protective equipment by our experts is a priority at Services Soluwin Inc.<\/p>\n<p>[\/et_pb_text][et_pb_image src=&#8221;https:\/\/soluwin.ca\/wp-content\/uploads\/2024\/02\/ISN-Hex-Logo.png&#8221; title_text=&#8221;ISN-Hex-Logo&#8221; url=&#8221;https:\/\/www.isnetworld.com\/&#8221; url_new_window=&#8221;on&#8221; _builder_version=&#8221;4.24.0&#8243; _module_preset=&#8221;default&#8221; max_width=&#8221;100px&#8221; max_width_tablet=&#8221;100px&#8221; max_width_phone=&#8221;90px&#8221; max_width_last_edited=&#8221;on|desktop&#8221; hover_enabled=&#8221;0&#8243; global_colors_info=&#8221;{}&#8221; sticky_enabled=&#8221;0&#8243;][\/et_pb_image][\/et_pb_column][\/et_pb_row][\/et_pb_section]<\/p>\n","protected":false},"excerpt":{"rendered":"<p>Health and SafetyServices Soluwin Inc. wants to protect its employees and establish a proactive safety culture on each of our projects and sites.To keep this promise, we are committed to providing and maintaining a healthy and safe workplace, as prescribed by recognized industry practices, and in compliance with legal requirements. We strive to eliminate any [&hellip;]<\/p>\n","protected":false},"author":1,"featured_media":0,"parent":0,"menu_order":0,"comment_status":"closed","ping_status":"closed","template":"","meta":{"_acf_changed":false,"_et_pb_use_builder":"on","_et_pb_old_content":"","_et_gb_content_width":"","inline_featured_image":false,"footnotes":""},"class_list":["post-690","page","type-page","status-publish","hentry"],"acf":[],"yoast_head":"<!-- This site is optimized with the Yoast SEO plugin v27.5 - https:\/\/yoast.com\/product\/yoast-seo-wordpress\/ -->\n<title>Health and Safety - Services Soluwin Inc.<\/title>\n<meta name=\"robots\" content=\"index, follow, max-snippet:-1, max-image-preview:large, max-video-preview:-1\" \/>\n<link rel=\"canonical\" href=\"https:\/\/soluwin.ca\/en\/health-and-safety\/\" \/>\n<meta property=\"og:locale\" content=\"en_US\" \/>\n<meta property=\"og:type\" content=\"article\" \/>\n<meta property=\"og:title\" content=\"Health and Safety - Services Soluwin Inc.\" \/>\n<meta property=\"og:description\" content=\"Health and SafetyServices Soluwin Inc. wants to protect its employees and establish a proactive safety culture on each of our projects and sites.To keep this promise, we are committed to providing and maintaining a healthy and safe workplace, as prescribed by recognized industry practices, and in compliance with legal requirements. We strive to eliminate any [&hellip;]\" \/>\n<meta property=\"og:url\" content=\"https:\/\/soluwin.ca\/en\/health-and-safety\/\" \/>\n<meta property=\"og:site_name\" content=\"Services Soluwin Inc.\" \/>\n<meta property=\"article:publisher\" content=\"https:\/\/www.facebook.com\/soluwininc\" \/>\n<meta property=\"article:modified_time\" content=\"2024-03-05T16:56:15+00:00\" \/>\n<meta name=\"twitter:card\" content=\"summary_large_image\" \/>\n<meta name=\"twitter:label1\" content=\"Est. reading time\" \/>\n\t<meta name=\"twitter:data1\" content=\"5 minutes\" \/>\n<script type=\"application\/ld+json\" class=\"yoast-schema-graph\">{\"@context\":\"https:\\\/\\\/schema.org\",\"@graph\":[{\"@type\":\"WebPage\",\"@id\":\"https:\\\/\\\/soluwin.ca\\\/en\\\/health-and-safety\\\/\",\"url\":\"https:\\\/\\\/soluwin.ca\\\/en\\\/health-and-safety\\\/\",\"name\":\"Health and Safety - Services Soluwin Inc.\",\"isPartOf\":{\"@id\":\"https:\\\/\\\/soluwin.ca\\\/en\\\/#website\"},\"datePublished\":\"2024-02-07T14:45:05+00:00\",\"dateModified\":\"2024-03-05T16:56:15+00:00\",\"breadcrumb\":{\"@id\":\"https:\\\/\\\/soluwin.ca\\\/en\\\/health-and-safety\\\/#breadcrumb\"},\"inLanguage\":\"en-US\",\"potentialAction\":[{\"@type\":\"ReadAction\",\"target\":[\"https:\\\/\\\/soluwin.ca\\\/en\\\/health-and-safety\\\/\"]}]},{\"@type\":\"BreadcrumbList\",\"@id\":\"https:\\\/\\\/soluwin.ca\\\/en\\\/health-and-safety\\\/#breadcrumb\",\"itemListElement\":[{\"@type\":\"ListItem\",\"position\":1,\"name\":\"Accueil\",\"item\":\"https:\\\/\\\/soluwin.ca\\\/en\\\/\"},{\"@type\":\"ListItem\",\"position\":2,\"name\":\"Health and Safety\"}]},{\"@type\":\"WebSite\",\"@id\":\"https:\\\/\\\/soluwin.ca\\\/en\\\/#website\",\"url\":\"https:\\\/\\\/soluwin.ca\\\/en\\\/\",\"name\":\"Services Soluwin Inc.\",\"description\":\"Maintenance et r\u00e9paration industrielle dans les secteurs \u00e9olien et solaire en Am\u00e9rique du Nord\",\"publisher\":{\"@id\":\"https:\\\/\\\/soluwin.ca\\\/en\\\/#organization\"},\"potentialAction\":[{\"@type\":\"SearchAction\",\"target\":{\"@type\":\"EntryPoint\",\"urlTemplate\":\"https:\\\/\\\/soluwin.ca\\\/en\\\/?s={search_term_string}\"},\"query-input\":{\"@type\":\"PropertyValueSpecification\",\"valueRequired\":true,\"valueName\":\"search_term_string\"}}],\"inLanguage\":\"en-US\"},{\"@type\":\"Organization\",\"@id\":\"https:\\\/\\\/soluwin.ca\\\/en\\\/#organization\",\"name\":\"Services Soluwin Inc.\",\"url\":\"https:\\\/\\\/soluwin.ca\\\/en\\\/\",\"logo\":{\"@type\":\"ImageObject\",\"inLanguage\":\"en-US\",\"@id\":\"https:\\\/\\\/soluwin.ca\\\/en\\\/#\\\/schema\\\/logo\\\/image\\\/\",\"url\":\"https:\\\/\\\/soluwin.ca\\\/wp-content\\\/uploads\\\/2024\\\/02\\\/Logo-Soluwin-Eolien-Solaire.png\",\"contentUrl\":\"https:\\\/\\\/soluwin.ca\\\/wp-content\\\/uploads\\\/2024\\\/02\\\/Logo-Soluwin-Eolien-Solaire.png\",\"width\":415,\"height\":426,\"caption\":\"Services Soluwin Inc.\"},\"image\":{\"@id\":\"https:\\\/\\\/soluwin.ca\\\/en\\\/#\\\/schema\\\/logo\\\/image\\\/\"},\"sameAs\":[\"https:\\\/\\\/www.facebook.com\\\/soluwininc\"]}]}<\/script>\n<!-- \/ Yoast SEO plugin. -->","yoast_head_json":{"title":"Health and Safety - Services Soluwin Inc.","robots":{"index":"index","follow":"follow","max-snippet":"max-snippet:-1","max-image-preview":"max-image-preview:large","max-video-preview":"max-video-preview:-1"},"canonical":"https:\/\/soluwin.ca\/en\/health-and-safety\/","og_locale":"en_US","og_type":"article","og_title":"Health and Safety - Services Soluwin Inc.","og_description":"Health and SafetyServices Soluwin Inc. wants to protect its employees and establish a proactive safety culture on each of our projects and sites.To keep this promise, we are committed to providing and maintaining a healthy and safe workplace, as prescribed by recognized industry practices, and in compliance with legal requirements. We strive to eliminate any [&hellip;]","og_url":"https:\/\/soluwin.ca\/en\/health-and-safety\/","og_site_name":"Services Soluwin Inc.","article_publisher":"https:\/\/www.facebook.com\/soluwininc","article_modified_time":"2024-03-05T16:56:15+00:00","twitter_card":"summary_large_image","twitter_misc":{"Est. reading time":"5 minutes"},"schema":{"@context":"https:\/\/schema.org","@graph":[{"@type":"WebPage","@id":"https:\/\/soluwin.ca\/en\/health-and-safety\/","url":"https:\/\/soluwin.ca\/en\/health-and-safety\/","name":"Health and Safety - Services Soluwin Inc.","isPartOf":{"@id":"https:\/\/soluwin.ca\/en\/#website"},"datePublished":"2024-02-07T14:45:05+00:00","dateModified":"2024-03-05T16:56:15+00:00","breadcrumb":{"@id":"https:\/\/soluwin.ca\/en\/health-and-safety\/#breadcrumb"},"inLanguage":"en-US","potentialAction":[{"@type":"ReadAction","target":["https:\/\/soluwin.ca\/en\/health-and-safety\/"]}]},{"@type":"BreadcrumbList","@id":"https:\/\/soluwin.ca\/en\/health-and-safety\/#breadcrumb","itemListElement":[{"@type":"ListItem","position":1,"name":"Accueil","item":"https:\/\/soluwin.ca\/en\/"},{"@type":"ListItem","position":2,"name":"Health and Safety"}]},{"@type":"WebSite","@id":"https:\/\/soluwin.ca\/en\/#website","url":"https:\/\/soluwin.ca\/en\/","name":"Services Soluwin Inc.","description":"Maintenance et r\u00e9paration industrielle dans les secteurs \u00e9olien et solaire en Am\u00e9rique du Nord","publisher":{"@id":"https:\/\/soluwin.ca\/en\/#organization"},"potentialAction":[{"@type":"SearchAction","target":{"@type":"EntryPoint","urlTemplate":"https:\/\/soluwin.ca\/en\/?s={search_term_string}"},"query-input":{"@type":"PropertyValueSpecification","valueRequired":true,"valueName":"search_term_string"}}],"inLanguage":"en-US"},{"@type":"Organization","@id":"https:\/\/soluwin.ca\/en\/#organization","name":"Services Soluwin Inc.","url":"https:\/\/soluwin.ca\/en\/","logo":{"@type":"ImageObject","inLanguage":"en-US","@id":"https:\/\/soluwin.ca\/en\/#\/schema\/logo\/image\/","url":"https:\/\/soluwin.ca\/wp-content\/uploads\/2024\/02\/Logo-Soluwin-Eolien-Solaire.png","contentUrl":"https:\/\/soluwin.ca\/wp-content\/uploads\/2024\/02\/Logo-Soluwin-Eolien-Solaire.png","width":415,"height":426,"caption":"Services Soluwin Inc."},"image":{"@id":"https:\/\/soluwin.ca\/en\/#\/schema\/logo\/image\/"},"sameAs":["https:\/\/www.facebook.com\/soluwininc"]}]}},"_links":{"self":[{"href":"https:\/\/soluwin.ca\/en\/wp-json\/wp\/v2\/pages\/690","targetHints":{"allow":["GET"]}}],"collection":[{"href":"https:\/\/soluwin.ca\/en\/wp-json\/wp\/v2\/pages"}],"about":[{"href":"https:\/\/soluwin.ca\/en\/wp-json\/wp\/v2\/types\/page"}],"author":[{"embeddable":true,"href":"https:\/\/soluwin.ca\/en\/wp-json\/wp\/v2\/users\/1"}],"replies":[{"embeddable":true,"href":"https:\/\/soluwin.ca\/en\/wp-json\/wp\/v2\/comments?post=690"}],"version-history":[{"count":5,"href":"https:\/\/soluwin.ca\/en\/wp-json\/wp\/v2\/pages\/690\/revisions"}],"predecessor-version":[{"id":695,"href":"https:\/\/soluwin.ca\/en\/wp-json\/wp\/v2\/pages\/690\/revisions\/695"}],"wp:attachment":[{"href":"https:\/\/soluwin.ca\/en\/wp-json\/wp\/v2\/media?parent=690"}],"curies":[{"name":"wp","href":"https:\/\/api.w.org\/{rel}","templated":true}]}}