{"id":678,"date":"2024-02-09T07:06:11","date_gmt":"2024-02-09T12:06:11","guid":{"rendered":"https:\/\/soluwin.ca\/eco-responsibility\/"},"modified":"2024-04-02T10:49:30","modified_gmt":"2024-04-02T14:49:30","slug":"eco-responsibility","status":"publish","type":"page","link":"https:\/\/soluwin.ca\/en\/eco-responsibility\/","title":{"rendered":"Eco-responsibility"},"content":{"rendered":"<p>[et_pb_section fb_built=&#8221;1&#8243; custom_padding_last_edited=&#8221;on|tablet&#8221; _builder_version=&#8221;4.23.1&#8243; _module_preset=&#8221;default&#8221; background_image=&#8221;https:\/\/soluwin.ca\/wp-content\/uploads\/2023\/12\/map-soluwin.svg&#8221; min_height_tablet=&#8221;&#8221; min_height_phone=&#8221;&#8221; min_height_last_edited=&#8221;on|desktop&#8221; custom_margin=&#8221;||||false|false&#8221; custom_padding=&#8221;18%||1%||false|false&#8221; custom_padding_tablet=&#8221;20vh||2vh||false|false&#8221; custom_padding_phone=&#8221;20vh||0vh||false|false&#8221; background_last_edited=&#8221;on|phone&#8221; background_position_phone=&#8221;center_right&#8221; global_colors_info=&#8221;{}&#8221;][et_pb_row custom_padding_last_edited=&#8221;on|tablet&#8221; _builder_version=&#8221;4.23.1&#8243; _module_preset=&#8221;default&#8221; width_tablet=&#8221;84%&#8221; width_phone=&#8221;84%&#8221; width_last_edited=&#8221;on|tablet&#8221; custom_padding_tablet=&#8221;||0px||false|false&#8221; custom_padding_phone=&#8221;||0px||false|false&#8221; global_colors_info=&#8221;{}&#8221;][et_pb_column type=&#8221;4_4&#8243; _builder_version=&#8221;4.23.1&#8243; _module_preset=&#8221;default&#8221; global_colors_info=&#8221;{}&#8221;][et_pb_text module_class=&#8221;titres&#8221; _builder_version=&#8221;4.24.0&#8243; _module_preset=&#8221;default&#8221; header_font=&#8221;||||||||&#8221; header_text_color=&#8221;#FFFFFF&#8221; header_font_size=&#8221;4vw&#8221; custom_margin=&#8221;||4%||false|false&#8221; animation_style=&#8221;slide&#8221; animation_direction=&#8221;bottom&#8221; animation_duration=&#8221;500ms&#8221; animation_intensity_slide=&#8221;30%&#8221; header_font_size_tablet=&#8221;50px&#8221; header_font_size_phone=&#8221;40px&#8221; header_font_size_last_edited=&#8221;on|tablet&#8221; global_colors_info=&#8221;{}&#8221;]<\/p>\n<h1>Eco-responsibility<\/h1>\n<p>[\/et_pb_text][\/et_pb_column][\/et_pb_row][\/et_pb_section][et_pb_section fb_built=&#8221;1&#8243; _builder_version=&#8221;4.23.1&#8243; _module_preset=&#8221;default&#8221; background_color=&#8221;#E7EBF4&#8243; custom_padding=&#8221;0px||0px||true|false&#8221; global_colors_info=&#8221;{}&#8221;][et_pb_row column_structure=&#8221;2_5,3_5&#8243; use_custom_gutter=&#8221;on&#8221; gutter_width=&#8221;1&#8243; make_equal=&#8221;on&#8221; _builder_version=&#8221;4.24.0&#8243; _module_preset=&#8221;default&#8221; width=&#8221;100%&#8221; max_width=&#8221;100%&#8221; custom_padding=&#8221;0px||0px||true|false&#8221; border_color_bottom=&#8221;#94C73B&#8221; global_colors_info=&#8221;{}&#8221;][et_pb_column type=&#8221;2_5&#8243; _builder_version=&#8221;4.24.0&#8243; _module_preset=&#8221;default&#8221; use_background_color_gradient=&#8221;on&#8221; background_color_gradient_stops=&#8221;rgba(3,16,29,0.75) 0%|rgba(3,16,29,0.29) 75%&#8221; background_color_gradient_overlays_image=&#8221;on&#8221; background_image=&#8221;https:\/\/soluwin.ca\/wp-content\/uploads\/2024\/02\/pale-coucher-soleil.jpg&#8221; custom_padding=&#8221;11vh|7vw||7vw|false|true&#8221; custom_padding_tablet=&#8221;|8%||8%|false|true&#8221; custom_padding_phone=&#8221;|8%||8%|false|true&#8221; custom_padding_last_edited=&#8221;on|tablet&#8221; background_last_edited=&#8221;on|tablet&#8221; use_background_color_gradient_tablet=&#8221;on&#8221; background_color_gradient_stops_tablet=&#8221;rgba(3,16,29,0.05) 0%|rgba(3,16,29,0.69) 74%&#8221; global_colors_info=&#8221;{}&#8221;][et_pb_text _builder_version=&#8221;4.24.0&#8243; _module_preset=&#8221;default&#8221; text_text_color=&#8221;#E7EBF4&#8243; text_font_size=&#8221;27px&#8221; header_text_color=&#8221;#009DC2&#8243; header_2_font=&#8221;||||||||&#8221; header_2_text_align=&#8221;left&#8221; header_2_text_color=&#8221;#FFFFFF&#8221; header_2_font_size=&#8221;2vw&#8221; header_2_letter_spacing=&#8221;1px&#8221; custom_margin=&#8221;||15px||false|false&#8221; custom_margin_tablet=&#8221;25%||15px||false|false&#8221; custom_margin_phone=&#8221;25%||15px||false|false&#8221; custom_margin_last_edited=&#8221;on|tablet&#8221; header_2_text_align_tablet=&#8221;left&#8221; header_2_text_align_phone=&#8221;left&#8221; header_2_text_align_last_edited=&#8221;on|tablet&#8221; header_2_font_size_tablet=&#8221;35px&#8221; header_2_font_size_phone=&#8221;25px&#8221; header_2_font_size_last_edited=&#8221;on|tablet&#8221; header_2_text_shadow_style=&#8221;preset3&#8243; header_2_text_shadow_color=&#8221;rgba(3,16,29,0.5)&#8221; global_colors_info=&#8221;{}&#8221;]<\/p>\n<h2>Services Soluwin Inc. places the environment at the heart of its values by participating and contributing to forge a better future.<\/h2>\n<p>[\/et_pb_text][\/et_pb_column][et_pb_column type=&#8221;3_5&#8243; _builder_version=&#8221;4.24.0&#8243; _module_preset=&#8221;default&#8221; custom_padding=&#8221;11vh|7vw|15vh|7vw|false|true&#8221; custom_padding_tablet=&#8221;9%|8%|8%|8%|false|true&#8221; custom_padding_phone=&#8221;8%|8%|8%|8%|true|true&#8221; custom_padding_last_edited=&#8221;on|tablet&#8221; border_color_bottom=&#8221;#94C73B&#8221; global_colors_info=&#8221;{}&#8221;][et_pb_text _builder_version=&#8221;4.24.2&#8243; _module_preset=&#8221;default&#8221; text_text_color=&#8221;#03101D&#8221; text_font_size=&#8221;1.5vw&#8221; header_3_font_size=&#8221;1.9vw&#8221; header_3_line_height=&#8221;1.1em&#8221; custom_margin=&#8221;||30px||false|false&#8221; custom_margin_tablet=&#8221;||30px||false|false&#8221; custom_margin_phone=&#8221;||15px||false|false&#8221; custom_margin_last_edited=&#8221;on|phone&#8221; text_font_size_tablet=&#8221;20px&#8221; text_font_size_phone=&#8221;18px&#8221; text_font_size_last_edited=&#8221;on|desktop&#8221; text_line_height_tablet=&#8221;1.4em&#8221; text_line_height_phone=&#8221;1.4em&#8221; text_line_height_last_edited=&#8221;on|phone&#8221; header_font_size_tablet=&#8221;35px&#8221; header_font_size_phone=&#8221;35px&#8221; header_font_size_last_edited=&#8221;on|tablet&#8221; header_3_font_size_tablet=&#8221;27px&#8221; header_3_font_size_phone=&#8221;20px&#8221; header_3_font_size_last_edited=&#8221;on|desktop&#8221; global_colors_info=&#8221;{}&#8221;]<\/p>\n<p>We recognize that climate change is real and that there is much work to mitigate its effects. We are committed to raising awareness among our team surrounding climate issues and are actively working to reduce the environmental impacts of our activities. We recently purchased a hybrid and 100% electric car to modernize our vehicle fleet.<\/p>\n<p>[\/et_pb_text][et_pb_image src=&#8221;https:\/\/soluwin.ca\/wp-content\/uploads\/2024\/02\/vehicule-electrique-soluwin-2.jpg&#8221; title_text=&#8221;vehicule-electrique-soluwin-2&#8243; _builder_version=&#8221;4.24.0&#8243; _module_preset=&#8221;default&#8221; custom_margin=&#8221;||30px||false|false&#8221; global_colors_info=&#8221;{}&#8221;][\/et_pb_image][et_pb_text _builder_version=&#8221;4.24.2&#8243; _module_preset=&#8221;default&#8221; text_text_color=&#8221;#03101D&#8221; text_font_size=&#8221;1.5vw&#8221; header_3_font_size=&#8221;1.9vw&#8221; header_3_line_height=&#8221;1.1em&#8221; custom_margin=&#8221;||30px||false|false&#8221; custom_margin_tablet=&#8221;||30px||false|false&#8221; custom_margin_phone=&#8221;||15px||false|false&#8221; custom_margin_last_edited=&#8221;on|phone&#8221; text_font_size_tablet=&#8221;20px&#8221; text_font_size_phone=&#8221;18px&#8221; text_font_size_last_edited=&#8221;on|desktop&#8221; text_line_height_tablet=&#8221;1.4em&#8221; text_line_height_phone=&#8221;1.4em&#8221; text_line_height_last_edited=&#8221;on|phone&#8221; header_font_size_tablet=&#8221;35px&#8221; header_font_size_phone=&#8221;35px&#8221; header_font_size_last_edited=&#8221;on|tablet&#8221; header_3_font_size_tablet=&#8221;27px&#8221; header_3_font_size_phone=&#8221;20px&#8221; header_3_font_size_last_edited=&#8221;on|desktop&#8221; global_colors_info=&#8221;{}&#8221;]<\/p>\n<p>Services Soluwin Inc. wants to become a paperless company ion the effort of reducing our environmental footprint. We plan on decreasing the amount of paper waste, toner, cartridges and more. To do this, we have established an IT system processing all activity reports which also include a digital filing &#038; storage system.<\/p>\n<p>[\/et_pb_text][\/et_pb_column][\/et_pb_row][\/et_pb_section]<\/p>\n","protected":false},"excerpt":{"rendered":"<p>Eco-responsibilityServices Soluwin Inc. places the environment at the heart of its values by participating and contributing to forge a better future.We recognize that climate change is real and that there is much work to mitigate its effects. We are committed to raising awareness among our team surrounding climate issues and are actively working to reduce [&hellip;]<\/p>\n","protected":false},"author":1,"featured_media":0,"parent":0,"menu_order":0,"comment_status":"closed","ping_status":"closed","template":"","meta":{"_acf_changed":false,"_et_pb_use_builder":"on","_et_pb_old_content":"","_et_gb_content_width":"","inline_featured_image":false,"footnotes":""},"class_list":["post-678","page","type-page","status-publish","hentry"],"acf":[],"yoast_head":"<!-- This site is optimized with the Yoast SEO plugin v27.5 - https:\/\/yoast.com\/product\/yoast-seo-wordpress\/ -->\n<title>Eco-responsibility - Services Soluwin Inc.<\/title>\n<meta name=\"robots\" content=\"index, follow, max-snippet:-1, max-image-preview:large, max-video-preview:-1\" \/>\n<link rel=\"canonical\" href=\"https:\/\/soluwin.ca\/en\/eco-responsibility\/\" \/>\n<meta property=\"og:locale\" content=\"en_US\" \/>\n<meta property=\"og:type\" content=\"article\" \/>\n<meta property=\"og:title\" content=\"Eco-responsibility - Services Soluwin Inc.\" \/>\n<meta property=\"og:description\" content=\"Eco-responsibilityServices Soluwin Inc. places the environment at the heart of its values by participating and contributing to forge a better future.We recognize that climate change is real and that there is much work to mitigate its effects. We are committed to raising awareness among our team surrounding climate issues and are actively working to reduce [&hellip;]\" \/>\n<meta property=\"og:url\" content=\"https:\/\/soluwin.ca\/en\/eco-responsibility\/\" \/>\n<meta property=\"og:site_name\" content=\"Services Soluwin Inc.\" \/>\n<meta property=\"article:publisher\" content=\"https:\/\/www.facebook.com\/soluwininc\" \/>\n<meta property=\"article:modified_time\" content=\"2024-04-02T14:49:30+00:00\" \/>\n<meta name=\"twitter:card\" content=\"summary_large_image\" \/>\n<meta name=\"twitter:label1\" content=\"Est. reading time\" \/>\n\t<meta name=\"twitter:data1\" content=\"4 minutes\" \/>\n<script type=\"application\/ld+json\" class=\"yoast-schema-graph\">{\"@context\":\"https:\\\/\\\/schema.org\",\"@graph\":[{\"@type\":\"WebPage\",\"@id\":\"https:\\\/\\\/soluwin.ca\\\/en\\\/eco-responsibility\\\/\",\"url\":\"https:\\\/\\\/soluwin.ca\\\/en\\\/eco-responsibility\\\/\",\"name\":\"Eco-responsibility - Services Soluwin Inc.\",\"isPartOf\":{\"@id\":\"https:\\\/\\\/soluwin.ca\\\/en\\\/#website\"},\"datePublished\":\"2024-02-09T12:06:11+00:00\",\"dateModified\":\"2024-04-02T14:49:30+00:00\",\"breadcrumb\":{\"@id\":\"https:\\\/\\\/soluwin.ca\\\/en\\\/eco-responsibility\\\/#breadcrumb\"},\"inLanguage\":\"en-US\",\"potentialAction\":[{\"@type\":\"ReadAction\",\"target\":[\"https:\\\/\\\/soluwin.ca\\\/en\\\/eco-responsibility\\\/\"]}]},{\"@type\":\"BreadcrumbList\",\"@id\":\"https:\\\/\\\/soluwin.ca\\\/en\\\/eco-responsibility\\\/#breadcrumb\",\"itemListElement\":[{\"@type\":\"ListItem\",\"position\":1,\"name\":\"Accueil\",\"item\":\"https:\\\/\\\/soluwin.ca\\\/en\\\/\"},{\"@type\":\"ListItem\",\"position\":2,\"name\":\"Eco-responsibility\"}]},{\"@type\":\"WebSite\",\"@id\":\"https:\\\/\\\/soluwin.ca\\\/en\\\/#website\",\"url\":\"https:\\\/\\\/soluwin.ca\\\/en\\\/\",\"name\":\"Services Soluwin Inc.\",\"description\":\"Maintenance et r\u00e9paration industrielle dans les secteurs \u00e9olien et solaire en Am\u00e9rique du Nord\",\"publisher\":{\"@id\":\"https:\\\/\\\/soluwin.ca\\\/en\\\/#organization\"},\"potentialAction\":[{\"@type\":\"SearchAction\",\"target\":{\"@type\":\"EntryPoint\",\"urlTemplate\":\"https:\\\/\\\/soluwin.ca\\\/en\\\/?s={search_term_string}\"},\"query-input\":{\"@type\":\"PropertyValueSpecification\",\"valueRequired\":true,\"valueName\":\"search_term_string\"}}],\"inLanguage\":\"en-US\"},{\"@type\":\"Organization\",\"@id\":\"https:\\\/\\\/soluwin.ca\\\/en\\\/#organization\",\"name\":\"Services Soluwin Inc.\",\"url\":\"https:\\\/\\\/soluwin.ca\\\/en\\\/\",\"logo\":{\"@type\":\"ImageObject\",\"inLanguage\":\"en-US\",\"@id\":\"https:\\\/\\\/soluwin.ca\\\/en\\\/#\\\/schema\\\/logo\\\/image\\\/\",\"url\":\"https:\\\/\\\/soluwin.ca\\\/wp-content\\\/uploads\\\/2024\\\/02\\\/Logo-Soluwin-Eolien-Solaire.png\",\"contentUrl\":\"https:\\\/\\\/soluwin.ca\\\/wp-content\\\/uploads\\\/2024\\\/02\\\/Logo-Soluwin-Eolien-Solaire.png\",\"width\":415,\"height\":426,\"caption\":\"Services Soluwin Inc.\"},\"image\":{\"@id\":\"https:\\\/\\\/soluwin.ca\\\/en\\\/#\\\/schema\\\/logo\\\/image\\\/\"},\"sameAs\":[\"https:\\\/\\\/www.facebook.com\\\/soluwininc\"]}]}<\/script>\n<!-- \/ Yoast SEO plugin. -->","yoast_head_json":{"title":"Eco-responsibility - Services Soluwin Inc.","robots":{"index":"index","follow":"follow","max-snippet":"max-snippet:-1","max-image-preview":"max-image-preview:large","max-video-preview":"max-video-preview:-1"},"canonical":"https:\/\/soluwin.ca\/en\/eco-responsibility\/","og_locale":"en_US","og_type":"article","og_title":"Eco-responsibility - Services Soluwin Inc.","og_description":"Eco-responsibilityServices Soluwin Inc. places the environment at the heart of its values by participating and contributing to forge a better future.We recognize that climate change is real and that there is much work to mitigate its effects. We are committed to raising awareness among our team surrounding climate issues and are actively working to reduce [&hellip;]","og_url":"https:\/\/soluwin.ca\/en\/eco-responsibility\/","og_site_name":"Services Soluwin Inc.","article_publisher":"https:\/\/www.facebook.com\/soluwininc","article_modified_time":"2024-04-02T14:49:30+00:00","twitter_card":"summary_large_image","twitter_misc":{"Est. reading time":"4 minutes"},"schema":{"@context":"https:\/\/schema.org","@graph":[{"@type":"WebPage","@id":"https:\/\/soluwin.ca\/en\/eco-responsibility\/","url":"https:\/\/soluwin.ca\/en\/eco-responsibility\/","name":"Eco-responsibility - Services Soluwin Inc.","isPartOf":{"@id":"https:\/\/soluwin.ca\/en\/#website"},"datePublished":"2024-02-09T12:06:11+00:00","dateModified":"2024-04-02T14:49:30+00:00","breadcrumb":{"@id":"https:\/\/soluwin.ca\/en\/eco-responsibility\/#breadcrumb"},"inLanguage":"en-US","potentialAction":[{"@type":"ReadAction","target":["https:\/\/soluwin.ca\/en\/eco-responsibility\/"]}]},{"@type":"BreadcrumbList","@id":"https:\/\/soluwin.ca\/en\/eco-responsibility\/#breadcrumb","itemListElement":[{"@type":"ListItem","position":1,"name":"Accueil","item":"https:\/\/soluwin.ca\/en\/"},{"@type":"ListItem","position":2,"name":"Eco-responsibility"}]},{"@type":"WebSite","@id":"https:\/\/soluwin.ca\/en\/#website","url":"https:\/\/soluwin.ca\/en\/","name":"Services Soluwin Inc.","description":"Maintenance et r\u00e9paration industrielle dans les secteurs \u00e9olien et solaire en Am\u00e9rique du Nord","publisher":{"@id":"https:\/\/soluwin.ca\/en\/#organization"},"potentialAction":[{"@type":"SearchAction","target":{"@type":"EntryPoint","urlTemplate":"https:\/\/soluwin.ca\/en\/?s={search_term_string}"},"query-input":{"@type":"PropertyValueSpecification","valueRequired":true,"valueName":"search_term_string"}}],"inLanguage":"en-US"},{"@type":"Organization","@id":"https:\/\/soluwin.ca\/en\/#organization","name":"Services Soluwin Inc.","url":"https:\/\/soluwin.ca\/en\/","logo":{"@type":"ImageObject","inLanguage":"en-US","@id":"https:\/\/soluwin.ca\/en\/#\/schema\/logo\/image\/","url":"https:\/\/soluwin.ca\/wp-content\/uploads\/2024\/02\/Logo-Soluwin-Eolien-Solaire.png","contentUrl":"https:\/\/soluwin.ca\/wp-content\/uploads\/2024\/02\/Logo-Soluwin-Eolien-Solaire.png","width":415,"height":426,"caption":"Services Soluwin Inc."},"image":{"@id":"https:\/\/soluwin.ca\/en\/#\/schema\/logo\/image\/"},"sameAs":["https:\/\/www.facebook.com\/soluwininc"]}]}},"_links":{"self":[{"href":"https:\/\/soluwin.ca\/en\/wp-json\/wp\/v2\/pages\/678","targetHints":{"allow":["GET"]}}],"collection":[{"href":"https:\/\/soluwin.ca\/en\/wp-json\/wp\/v2\/pages"}],"about":[{"href":"https:\/\/soluwin.ca\/en\/wp-json\/wp\/v2\/types\/page"}],"author":[{"embeddable":true,"href":"https:\/\/soluwin.ca\/en\/wp-json\/wp\/v2\/users\/1"}],"replies":[{"embeddable":true,"href":"https:\/\/soluwin.ca\/en\/wp-json\/wp\/v2\/comments?post=678"}],"version-history":[{"count":15,"href":"https:\/\/soluwin.ca\/en\/wp-json\/wp\/v2\/pages\/678\/revisions"}],"predecessor-version":[{"id":859,"href":"https:\/\/soluwin.ca\/en\/wp-json\/wp\/v2\/pages\/678\/revisions\/859"}],"wp:attachment":[{"href":"https:\/\/soluwin.ca\/en\/wp-json\/wp\/v2\/media?parent=678"}],"curies":[{"name":"wp","href":"https:\/\/api.w.org\/{rel}","templated":true}]}}