{"id":672,"date":"2024-02-09T08:38:03","date_gmt":"2024-02-09T13:38:03","guid":{"rendered":"https:\/\/soluwin.ca\/team\/"},"modified":"2026-03-20T12:03:17","modified_gmt":"2026-03-20T16:03:17","slug":"team","status":"publish","type":"page","link":"https:\/\/soluwin.ca\/en\/team\/","title":{"rendered":"Team"},"content":{"rendered":"<p>[et_pb_section fb_built=&#8221;1&#8243; custom_padding_last_edited=&#8221;on|tablet&#8221; _builder_version=&#8221;4.27.4&#8243; _module_preset=&#8221;default&#8221; background_image=&#8221;https:\/\/soluwin.ca\/wp-content\/uploads\/2025\/12\/map-soluwin-2.svg&#8221; min_height_tablet=&#8221;&#8221; min_height_phone=&#8221;&#8221; min_height_last_edited=&#8221;on|desktop&#8221; custom_margin=&#8221;||||false|false&#8221; custom_padding=&#8221;18%||1%||false|false&#8221; custom_padding_tablet=&#8221;20vh||2vh||false|false&#8221; custom_padding_phone=&#8221;20vh||0vh||false|false&#8221; background_last_edited=&#8221;on|phone&#8221; background_position_phone=&#8221;center_right&#8221; global_colors_info=&#8221;{}&#8221;][et_pb_row custom_padding_last_edited=&#8221;on|tablet&#8221; _builder_version=&#8221;4.23.1&#8243; _module_preset=&#8221;default&#8221; width_tablet=&#8221;84%&#8221; width_phone=&#8221;84%&#8221; width_last_edited=&#8221;on|tablet&#8221; custom_padding_tablet=&#8221;||0px||false|false&#8221; custom_padding_phone=&#8221;||0px||false|false&#8221; global_colors_info=&#8221;{}&#8221;][et_pb_column type=&#8221;4_4&#8243; _builder_version=&#8221;4.23.1&#8243; _module_preset=&#8221;default&#8221; global_colors_info=&#8221;{}&#8221;][et_pb_text module_class=&#8221;titres&#8221; _builder_version=&#8221;4.24.0&#8243; _module_preset=&#8221;default&#8221; header_font=&#8221;||||||||&#8221; header_text_color=&#8221;#FFFFFF&#8221; header_font_size=&#8221;4vw&#8221; custom_margin=&#8221;||4%||false|false&#8221; animation_style=&#8221;slide&#8221; animation_direction=&#8221;bottom&#8221; animation_duration=&#8221;500ms&#8221; animation_intensity_slide=&#8221;30%&#8221; header_font_size_tablet=&#8221;50px&#8221; header_font_size_phone=&#8221;40px&#8221; header_font_size_last_edited=&#8221;on|tablet&#8221; global_colors_info=&#8221;{}&#8221;]<\/p>\n<h1>Our team<\/h1>\n<p>[\/et_pb_text][\/et_pb_column][\/et_pb_row][\/et_pb_section][et_pb_section fb_built=&#8221;1&#8243; custom_padding_last_edited=&#8221;on|phone&#8221; module_class=&#8221;section-equipe&#8221; _builder_version=&#8221;4.24.2&#8243; _module_preset=&#8221;default&#8221; custom_padding=&#8221;6%||6%||true|false&#8221; custom_padding_tablet=&#8221;10%||10%||true|false&#8221; custom_padding_phone=&#8221;16%||16%||true|false&#8221; global_colors_info=&#8221;{}&#8221;][et_pb_row column_structure=&#8221;1_3,1_3,1_3&#8243; use_custom_gutter=&#8221;on&#8221; gutter_width=&#8221;4&#8243; _builder_version=&#8221;4.27.6&#8243; _module_preset=&#8221;default&#8221; max_width=&#8221;1100px&#8221; max_width_tablet=&#8221;320px&#8221; max_width_phone=&#8221;250px&#8221; max_width_last_edited=&#8221;on|phone&#8221; module_alignment=&#8221;center&#8221; global_colors_info=&#8221;{}&#8221;][et_pb_column type=&#8221;1_3&#8243; _builder_version=&#8221;4.24.0&#8243; _module_preset=&#8221;default&#8221; global_colors_info=&#8221;{}&#8221;][et_pb_team_member name=&#8221;Mikael Arsenault&#8221; position=&#8221;Co-owner&#8221; image_url=&#8221;https:\/\/soluwin.ca\/wp-content\/uploads\/2024\/03\/mikael-arsenault.jpg&#8221; _builder_version=&#8221;4.24.2&#8243; _module_preset=&#8221;default&#8221; header_font=&#8221;|700|||||||&#8221; header_text_align=&#8221;center&#8221; header_font_size=&#8221;27px&#8221; position_text_align=&#8221;center&#8221; position_text_color=&#8221;#009DC2&#8243; position_font_size=&#8221;20px&#8221; module_alignment=&#8221;center&#8221; custom_margin_tablet=&#8221;||40px||false|false&#8221; custom_margin_phone=&#8221;||40px||false|false&#8221; custom_margin_last_edited=&#8221;on|desktop&#8221; header_text_align_tablet=&#8221;center&#8221; header_text_align_phone=&#8221;center&#8221; header_text_align_last_edited=&#8221;on|tablet&#8221; header_font_size_tablet=&#8221;27px&#8221; header_font_size_phone=&#8221;25px&#8221; header_font_size_last_edited=&#8221;on|tablet&#8221; position_text_align_tablet=&#8221;center&#8221; position_text_align_phone=&#8221;center&#8221; position_text_align_last_edited=&#8221;on|tablet&#8221; border_radii_image=&#8221;on|500px|500px|500px|500px&#8221; global_colors_info=&#8221;{}&#8221;][\/et_pb_team_member][\/et_pb_column][et_pb_column type=&#8221;1_3&#8243; _builder_version=&#8221;4.24.0&#8243; _module_preset=&#8221;default&#8221; global_colors_info=&#8221;{}&#8221;][et_pb_team_member name=&#8221;Fran\u00e7ois Kelly&#8221; position=&#8221;Co-owner&#8221; image_url=&#8221;https:\/\/soluwin.ca\/wp-content\/uploads\/2024\/03\/francois-kelly.jpg&#8221; _builder_version=&#8221;4.24.2&#8243; _module_preset=&#8221;default&#8221; header_font=&#8221;|700|||||||&#8221; header_text_align=&#8221;center&#8221; header_font_size=&#8221;27px&#8221; position_text_align=&#8221;center&#8221; position_text_color=&#8221;#009DC2&#8243; position_font_size=&#8221;20px&#8221; module_alignment=&#8221;center&#8221; custom_margin_tablet=&#8221;||40px||false|false&#8221; custom_margin_phone=&#8221;||40px||false|false&#8221; custom_margin_last_edited=&#8221;on|desktop&#8221; header_text_align_tablet=&#8221;center&#8221; header_text_align_phone=&#8221;center&#8221; header_text_align_last_edited=&#8221;on|tablet&#8221; header_font_size_tablet=&#8221;27px&#8221; header_font_size_phone=&#8221;25px&#8221; header_font_size_last_edited=&#8221;on|tablet&#8221; position_text_align_tablet=&#8221;center&#8221; position_text_align_phone=&#8221;center&#8221; position_text_align_last_edited=&#8221;on|tablet&#8221; border_radii_image=&#8221;on|500px|500px|500px|500px&#8221; global_colors_info=&#8221;{}&#8221;][\/et_pb_team_member][\/et_pb_column][et_pb_column type=&#8221;1_3&#8243; _builder_version=&#8221;4.27.6&#8243; _module_preset=&#8221;default&#8221; global_colors_info=&#8221;{}&#8221;][et_pb_team_member name=&#8221;Hugo St-Laurent&#8221; position=&#8221;VP Strategy&#8221; image_url=&#8221;https:\/\/soluwin.ca\/wp-content\/uploads\/2026\/03\/Hugo-St-Laurent_web.png&#8221; disabled_on=&#8221;off|off|off&#8221; _builder_version=&#8221;4.27.6&#8243; _module_preset=&#8221;default&#8221; header_font=&#8221;|700|||||||&#8221; header_text_align=&#8221;center&#8221; header_font_size=&#8221;27px&#8221; position_text_align=&#8221;center&#8221; position_text_color=&#8221;#009DC2&#8243; position_font_size=&#8221;20px&#8221; module_alignment=&#8221;center&#8221; custom_margin=&#8221;|||2px||&#8221; custom_margin_tablet=&#8221;||40px||false|false&#8221; custom_margin_phone=&#8221;||40px||false|false&#8221; custom_margin_last_edited=&#8221;on|desktop&#8221; header_text_align_tablet=&#8221;center&#8221; header_text_align_phone=&#8221;center&#8221; header_text_align_last_edited=&#8221;on|tablet&#8221; header_font_size_tablet=&#8221;27px&#8221; header_font_size_phone=&#8221;25px&#8221; header_font_size_last_edited=&#8221;on|tablet&#8221; position_text_align_tablet=&#8221;center&#8221; position_text_align_phone=&#8221;center&#8221; position_text_align_last_edited=&#8221;on|tablet&#8221; border_radii_image=&#8221;on|500px|500px|500px|500px&#8221; global_colors_info=&#8221;{}&#8221;][\/et_pb_team_member][\/et_pb_column][\/et_pb_row][et_pb_row column_structure=&#8221;1_3,1_3,1_3&#8243; use_custom_gutter=&#8221;on&#8221; gutter_width=&#8221;4&#8243; custom_padding_last_edited=&#8221;on|phone&#8221; _builder_version=&#8221;4.27.6&#8243; _module_preset=&#8221;default&#8221; max_width=&#8221;1100px&#8221; max_width_tablet=&#8221;320px&#8221; max_width_phone=&#8221;250px&#8221; max_width_last_edited=&#8221;on|phone&#8221; module_alignment=&#8221;center&#8221; custom_padding_tablet=&#8221;0px||0px||false|false&#8221; custom_padding_phone=&#8221;0px||0px||false|false&#8221; global_colors_info=&#8221;{}&#8221;][et_pb_column type=&#8221;1_3&#8243; _builder_version=&#8221;4.27.6&#8243; _module_preset=&#8221;default&#8221; global_colors_info=&#8221;{}&#8221;][et_pb_team_member name=&#8221;Jimmy Marticotte&#8221; position=&#8221;Wind Composite Operations Director&#8221; image_url=&#8221;https:\/\/soluwin.ca\/wp-content\/uploads\/2025\/01\/Jimmy-Marticotte_web-1.png&#8221; disabled_on=&#8221;off|off|off&#8221; _builder_version=&#8221;4.27.4&#8243; _module_preset=&#8221;default&#8221; header_font=&#8221;|700|||||||&#8221; header_text_align=&#8221;center&#8221; header_font_size=&#8221;27px&#8221; position_text_align=&#8221;center&#8221; position_text_color=&#8221;#009DC2&#8243; position_font_size=&#8221;20px&#8221; position_line_height=&#8221;1.1em&#8221; module_alignment=&#8221;center&#8221; custom_margin=&#8221;|||2px||&#8221; custom_margin_tablet=&#8221;||40px||false|false&#8221; custom_margin_phone=&#8221;||40px||false|false&#8221; custom_margin_last_edited=&#8221;on|desktop&#8221; header_text_align_tablet=&#8221;center&#8221; header_text_align_phone=&#8221;center&#8221; header_text_align_last_edited=&#8221;on|tablet&#8221; header_font_size_tablet=&#8221;27px&#8221; header_font_size_phone=&#8221;25px&#8221; header_font_size_last_edited=&#8221;on|tablet&#8221; position_text_align_tablet=&#8221;center&#8221; position_text_align_phone=&#8221;center&#8221; position_text_align_last_edited=&#8221;on|tablet&#8221; border_radii_image=&#8221;on|500px|500px|500px|500px&#8221; global_colors_info=&#8221;{}&#8221;][\/et_pb_team_member][\/et_pb_column][et_pb_column type=&#8221;1_3&#8243; _builder_version=&#8221;4.27.4&#8243; _module_preset=&#8221;default&#8221; global_colors_info=&#8221;{}&#8221;][et_pb_team_member name=&#8221;Hugo Giffard&#8221; position=&#8221;Engineer&#8221; image_url=&#8221;https:\/\/soluwin.ca\/wp-content\/uploads\/2025\/01\/Hugo-Giffard_web.png&#8221; disabled_on=&#8221;off|off|off&#8221; _builder_version=&#8221;4.27.4&#8243; _module_preset=&#8221;default&#8221; header_font=&#8221;|700|||||||&#8221; header_text_align=&#8221;center&#8221; header_font_size=&#8221;27px&#8221; position_text_align=&#8221;center&#8221; position_text_color=&#8221;#009DC2&#8243; position_font_size=&#8221;20px&#8221; module_alignment=&#8221;center&#8221; custom_margin_tablet=&#8221;||40px||false|false&#8221; custom_margin_phone=&#8221;||40px||false|false&#8221; custom_margin_last_edited=&#8221;on|desktop&#8221; header_text_align_tablet=&#8221;center&#8221; header_text_align_phone=&#8221;center&#8221; header_text_align_last_edited=&#8221;on|tablet&#8221; header_font_size_tablet=&#8221;27px&#8221; header_font_size_phone=&#8221;25px&#8221; header_font_size_last_edited=&#8221;on|tablet&#8221; position_text_align_tablet=&#8221;center&#8221; position_text_align_phone=&#8221;center&#8221; position_text_align_last_edited=&#8221;on|tablet&#8221; border_radii_image=&#8221;on|500px|500px|500px|500px&#8221; global_colors_info=&#8221;{}&#8221;][\/et_pb_team_member][\/et_pb_column][et_pb_column type=&#8221;1_3&#8243; _builder_version=&#8221;4.27.4&#8243; _module_preset=&#8221;default&#8221; global_colors_info=&#8221;{}&#8221;][et_pb_team_member name=&#8221;Salomao Dos Reis&#8221; position=&#8221;Health, Safety Manager&#8221; image_url=&#8221;https:\/\/soluwin.ca\/wp-content\/uploads\/2025\/01\/Salomao-Dosreis_web.png&#8221; disabled_on=&#8221;off|off|off&#8221; _builder_version=&#8221;4.27.4&#8243; _module_preset=&#8221;default&#8221; header_font=&#8221;|700|||||||&#8221; header_text_align=&#8221;center&#8221; header_font_size=&#8221;27px&#8221; position_text_align=&#8221;center&#8221; position_text_color=&#8221;#009DC2&#8243; position_font_size=&#8221;20px&#8221; module_alignment=&#8221;center&#8221; custom_margin_tablet=&#8221;||40px||false|false&#8221; custom_margin_phone=&#8221;||40px||false|false&#8221; custom_margin_last_edited=&#8221;on|desktop&#8221; header_text_align_tablet=&#8221;center&#8221; header_text_align_phone=&#8221;center&#8221; header_text_align_last_edited=&#8221;on|tablet&#8221; header_font_size_tablet=&#8221;27px&#8221; header_font_size_phone=&#8221;25px&#8221; header_font_size_last_edited=&#8221;on|tablet&#8221; position_text_align_tablet=&#8221;center&#8221; position_text_align_phone=&#8221;center&#8221; position_text_align_last_edited=&#8221;on|tablet&#8221; border_radii_image=&#8221;on|500px|500px|500px|500px&#8221; global_colors_info=&#8221;{}&#8221;][\/et_pb_team_member][\/et_pb_column][\/et_pb_row][et_pb_row column_structure=&#8221;1_3,1_3,1_3&#8243; use_custom_gutter=&#8221;on&#8221; gutter_width=&#8221;4&#8243; custom_padding_last_edited=&#8221;on|phone&#8221; _builder_version=&#8221;4.27.6&#8243; _module_preset=&#8221;default&#8221; max_width=&#8221;1100px&#8221; max_width_tablet=&#8221;320px&#8221; max_width_phone=&#8221;250px&#8221; max_width_last_edited=&#8221;on|phone&#8221; module_alignment=&#8221;center&#8221; custom_padding_tablet=&#8221;0px||0px||false|false&#8221; custom_padding_phone=&#8221;0px||0px||false|false&#8221; global_colors_info=&#8221;{}&#8221;][et_pb_column type=&#8221;1_3&#8243; _builder_version=&#8221;4.27.6&#8243; _module_preset=&#8221;default&#8221; global_colors_info=&#8221;{}&#8221;][et_pb_team_member name=&#8221;Keven Demers&#8221; position=&#8221;Financial Controller&#8221; image_url=&#8221;https:\/\/soluwin.ca\/wp-content\/uploads\/2026\/03\/Keven-Demers_web.png&#8221; disabled_on=&#8221;off|off|off&#8221; _builder_version=&#8221;4.27.6&#8243; _module_preset=&#8221;default&#8221; header_font=&#8221;|700|||||||&#8221; header_text_align=&#8221;center&#8221; header_font_size=&#8221;27px&#8221; position_text_align=&#8221;center&#8221; position_text_color=&#8221;#009DC2&#8243; position_font_size=&#8221;20px&#8221; module_alignment=&#8221;center&#8221; custom_margin_tablet=&#8221;||40px||false|false&#8221; custom_margin_phone=&#8221;||40px||false|false&#8221; custom_margin_last_edited=&#8221;on|desktop&#8221; custom_padding=&#8221;||0px|||&#8221; header_text_align_tablet=&#8221;center&#8221; header_text_align_phone=&#8221;center&#8221; header_text_align_last_edited=&#8221;on|tablet&#8221; header_font_size_tablet=&#8221;27px&#8221; header_font_size_phone=&#8221;25px&#8221; header_font_size_last_edited=&#8221;on|tablet&#8221; position_text_align_tablet=&#8221;center&#8221; position_text_align_phone=&#8221;center&#8221; position_text_align_last_edited=&#8221;on|tablet&#8221; border_radii_image=&#8221;on|500px|500px|500px|500px&#8221; global_colors_info=&#8221;{}&#8221;][\/et_pb_team_member][\/et_pb_column][et_pb_column type=&#8221;1_3&#8243; _builder_version=&#8221;4.27.4&#8243; _module_preset=&#8221;default&#8221; global_colors_info=&#8221;{}&#8221;][et_pb_team_member name=&#8221;Daniel Henry&#8221; position=&#8221;MCE Operations Director &amp; Maintenance Services&#8221; image_url=&#8221;https:\/\/soluwin.ca\/wp-content\/uploads\/2026\/03\/Dan-Henry_web.png&#8221; disabled_on=&#8221;off|off|off&#8221; _builder_version=&#8221;4.27.6&#8243; _module_preset=&#8221;default&#8221; header_font=&#8221;|700|||||||&#8221; header_text_align=&#8221;center&#8221; header_font_size=&#8221;27px&#8221; position_text_align=&#8221;center&#8221; position_text_color=&#8221;#009DC2&#8243; position_font_size=&#8221;20px&#8221; position_line_height=&#8221;1.1em&#8221; module_alignment=&#8221;center&#8221; custom_margin=&#8221;|||2px||&#8221; custom_margin_tablet=&#8221;||40px||false|false&#8221; custom_margin_phone=&#8221;||40px||false|false&#8221; custom_margin_last_edited=&#8221;on|desktop&#8221; header_text_align_tablet=&#8221;center&#8221; header_text_align_phone=&#8221;center&#8221; header_text_align_last_edited=&#8221;on|tablet&#8221; header_font_size_tablet=&#8221;27px&#8221; header_font_size_phone=&#8221;25px&#8221; header_font_size_last_edited=&#8221;on|tablet&#8221; position_text_align_tablet=&#8221;center&#8221; position_text_align_phone=&#8221;center&#8221; position_text_align_last_edited=&#8221;on|tablet&#8221; border_radii_image=&#8221;on|500px|500px|500px|500px&#8221; global_colors_info=&#8221;{}&#8221;][\/et_pb_team_member][\/et_pb_column][et_pb_column type=&#8221;1_3&#8243; _builder_version=&#8221;4.27.6&#8243; _module_preset=&#8221;default&#8221; global_colors_info=&#8221;{}&#8221;][et_pb_team_member name=&#8221;Genevi\u00e8ve Mallette&#8221; position=&#8221;Executive Assistant&#8221; image_url=&#8221;https:\/\/soluwin.ca\/wp-content\/uploads\/2024\/03\/genevieve-malette-3.jpg&#8221; _builder_version=&#8221;4.24.2&#8243; _module_preset=&#8221;default&#8221; header_font=&#8221;|700|||||||&#8221; header_text_align=&#8221;center&#8221; header_font_size=&#8221;27px&#8221; position_text_align=&#8221;center&#8221; position_text_color=&#8221;#009DC2&#8243; position_font_size=&#8221;20px&#8221; module_alignment=&#8221;center&#8221; custom_margin_tablet=&#8221;||40px||false|false&#8221; custom_margin_phone=&#8221;||40px||false|false&#8221; custom_margin_last_edited=&#8221;on|desktop&#8221; header_text_align_tablet=&#8221;center&#8221; header_text_align_phone=&#8221;center&#8221; header_text_align_last_edited=&#8221;on|tablet&#8221; header_font_size_tablet=&#8221;27px&#8221; header_font_size_phone=&#8221;25px&#8221; header_font_size_last_edited=&#8221;on|tablet&#8221; position_text_align_tablet=&#8221;center&#8221; position_text_align_phone=&#8221;center&#8221; position_text_align_last_edited=&#8221;on|tablet&#8221; border_radii_image=&#8221;on|500px|500px|500px|500px&#8221; global_colors_info=&#8221;{}&#8221;][\/et_pb_team_member][\/et_pb_column][\/et_pb_row][et_pb_row column_structure=&#8221;1_5,1_5,1_5,1_5,1_5&#8243; use_custom_gutter=&#8221;on&#8221; gutter_width=&#8221;4&#8243; custom_padding_last_edited=&#8221;on|phone&#8221; _builder_version=&#8221;4.27.4&#8243; _module_preset=&#8221;default&#8221; max_width=&#8221;1100px&#8221; max_width_tablet=&#8221;320px&#8221; max_width_phone=&#8221;250px&#8221; max_width_last_edited=&#8221;on|phone&#8221; module_alignment=&#8221;center&#8221; custom_padding_tablet=&#8221;0px||0px||false|false&#8221; custom_padding_phone=&#8221;0px||0px||false|false&#8221; global_colors_info=&#8221;{}&#8221;][et_pb_column type=&#8221;1_5&#8243; _builder_version=&#8221;4.24.0&#8243; _module_preset=&#8221;default&#8221; global_colors_info=&#8221;{}&#8221;][et_pb_team_member name=&#8221;Name here&#8221; position=&#8221;Name here&#8221; image_url=&#8221;https:\/\/soluwin.ca\/wp-content\/uploads\/2024\/03\/genevieve-malette-3.jpg&#8221; disabled_on=&#8221;on|on|on&#8221; _builder_version=&#8221;4.27.4&#8243; _module_preset=&#8221;default&#8221; header_font=&#8221;|700|||||||&#8221; header_text_align=&#8221;center&#8221; header_font_size=&#8221;27px&#8221; position_text_align=&#8221;center&#8221; position_text_color=&#8221;#009DC2&#8243; position_font_size=&#8221;20px&#8221; module_alignment=&#8221;center&#8221; custom_margin_tablet=&#8221;||40px||false|false&#8221; custom_margin_phone=&#8221;||40px||false|false&#8221; custom_margin_last_edited=&#8221;on|desktop&#8221; header_text_align_tablet=&#8221;center&#8221; header_text_align_phone=&#8221;center&#8221; header_text_align_last_edited=&#8221;on|tablet&#8221; header_font_size_tablet=&#8221;27px&#8221; header_font_size_phone=&#8221;25px&#8221; header_font_size_last_edited=&#8221;on|tablet&#8221; position_text_align_tablet=&#8221;center&#8221; position_text_align_phone=&#8221;center&#8221; position_text_align_last_edited=&#8221;on|tablet&#8221; border_radii_image=&#8221;on|500px|500px|500px|500px&#8221; disabled=&#8221;on&#8221; global_colors_info=&#8221;{}&#8221;][\/et_pb_team_member][\/et_pb_column][et_pb_column type=&#8221;1_5&#8243; _builder_version=&#8221;4.27.6&#8243; _module_preset=&#8221;default&#8221; global_colors_info=&#8221;{}&#8221;][\/et_pb_column][et_pb_column type=&#8221;1_5&#8243; _builder_version=&#8221;4.27.4&#8243; _module_preset=&#8221;default&#8221; global_colors_info=&#8221;{}&#8221;][\/et_pb_column][et_pb_column type=&#8221;1_5&#8243; _builder_version=&#8221;4.27.4&#8243; _module_preset=&#8221;default&#8221; global_colors_info=&#8221;{}&#8221;][\/et_pb_column][et_pb_column type=&#8221;1_5&#8243; _builder_version=&#8221;4.27.4&#8243; _module_preset=&#8221;default&#8221; global_colors_info=&#8221;{}&#8221;][\/et_pb_column][\/et_pb_row][\/et_pb_section]<\/p>\n","protected":false},"excerpt":{"rendered":"<p>Our team<\/p>\n","protected":false},"author":1,"featured_media":0,"parent":0,"menu_order":0,"comment_status":"closed","ping_status":"closed","template":"","meta":{"_acf_changed":false,"_et_pb_use_builder":"on","_et_pb_old_content":"","_et_gb_content_width":"","inline_featured_image":false,"footnotes":""},"class_list":["post-672","page","type-page","status-publish","hentry"],"acf":[],"yoast_head":"<!-- This site is optimized with the Yoast SEO plugin v27.5 - https:\/\/yoast.com\/product\/yoast-seo-wordpress\/ -->\n<title>Team - Services Soluwin Inc.<\/title>\n<meta name=\"robots\" content=\"index, follow, max-snippet:-1, max-image-preview:large, max-video-preview:-1\" \/>\n<link rel=\"canonical\" href=\"https:\/\/soluwin.ca\/en\/team\/\" \/>\n<meta property=\"og:locale\" content=\"en_US\" \/>\n<meta property=\"og:type\" content=\"article\" \/>\n<meta property=\"og:title\" content=\"Team - Services Soluwin Inc.\" \/>\n<meta property=\"og:description\" content=\"Our team\" \/>\n<meta property=\"og:url\" content=\"https:\/\/soluwin.ca\/en\/team\/\" \/>\n<meta property=\"og:site_name\" content=\"Services Soluwin Inc.\" \/>\n<meta property=\"article:publisher\" content=\"https:\/\/www.facebook.com\/soluwininc\" \/>\n<meta property=\"article:modified_time\" content=\"2026-03-20T16:03:17+00:00\" \/>\n<meta name=\"twitter:card\" content=\"summary_large_image\" \/>\n<meta name=\"twitter:label1\" content=\"Est. reading time\" \/>\n\t<meta name=\"twitter:data1\" content=\"10 minutes\" \/>\n<script type=\"application\/ld+json\" class=\"yoast-schema-graph\">{\"@context\":\"https:\\\/\\\/schema.org\",\"@graph\":[{\"@type\":\"WebPage\",\"@id\":\"https:\\\/\\\/soluwin.ca\\\/en\\\/team\\\/\",\"url\":\"https:\\\/\\\/soluwin.ca\\\/en\\\/team\\\/\",\"name\":\"Team - Services Soluwin Inc.\",\"isPartOf\":{\"@id\":\"https:\\\/\\\/soluwin.ca\\\/en\\\/#website\"},\"datePublished\":\"2024-02-09T13:38:03+00:00\",\"dateModified\":\"2026-03-20T16:03:17+00:00\",\"breadcrumb\":{\"@id\":\"https:\\\/\\\/soluwin.ca\\\/en\\\/team\\\/#breadcrumb\"},\"inLanguage\":\"en-US\",\"potentialAction\":[{\"@type\":\"ReadAction\",\"target\":[\"https:\\\/\\\/soluwin.ca\\\/en\\\/team\\\/\"]}]},{\"@type\":\"BreadcrumbList\",\"@id\":\"https:\\\/\\\/soluwin.ca\\\/en\\\/team\\\/#breadcrumb\",\"itemListElement\":[{\"@type\":\"ListItem\",\"position\":1,\"name\":\"Accueil\",\"item\":\"https:\\\/\\\/soluwin.ca\\\/en\\\/\"},{\"@type\":\"ListItem\",\"position\":2,\"name\":\"Team\"}]},{\"@type\":\"WebSite\",\"@id\":\"https:\\\/\\\/soluwin.ca\\\/en\\\/#website\",\"url\":\"https:\\\/\\\/soluwin.ca\\\/en\\\/\",\"name\":\"Services Soluwin Inc.\",\"description\":\"Maintenance et r\u00e9paration industrielle dans les secteurs \u00e9olien et solaire en Am\u00e9rique du Nord\",\"publisher\":{\"@id\":\"https:\\\/\\\/soluwin.ca\\\/en\\\/#organization\"},\"potentialAction\":[{\"@type\":\"SearchAction\",\"target\":{\"@type\":\"EntryPoint\",\"urlTemplate\":\"https:\\\/\\\/soluwin.ca\\\/en\\\/?s={search_term_string}\"},\"query-input\":{\"@type\":\"PropertyValueSpecification\",\"valueRequired\":true,\"valueName\":\"search_term_string\"}}],\"inLanguage\":\"en-US\"},{\"@type\":\"Organization\",\"@id\":\"https:\\\/\\\/soluwin.ca\\\/en\\\/#organization\",\"name\":\"Services Soluwin Inc.\",\"url\":\"https:\\\/\\\/soluwin.ca\\\/en\\\/\",\"logo\":{\"@type\":\"ImageObject\",\"inLanguage\":\"en-US\",\"@id\":\"https:\\\/\\\/soluwin.ca\\\/en\\\/#\\\/schema\\\/logo\\\/image\\\/\",\"url\":\"https:\\\/\\\/soluwin.ca\\\/wp-content\\\/uploads\\\/2024\\\/02\\\/Logo-Soluwin-Eolien-Solaire.png\",\"contentUrl\":\"https:\\\/\\\/soluwin.ca\\\/wp-content\\\/uploads\\\/2024\\\/02\\\/Logo-Soluwin-Eolien-Solaire.png\",\"width\":415,\"height\":426,\"caption\":\"Services Soluwin Inc.\"},\"image\":{\"@id\":\"https:\\\/\\\/soluwin.ca\\\/en\\\/#\\\/schema\\\/logo\\\/image\\\/\"},\"sameAs\":[\"https:\\\/\\\/www.facebook.com\\\/soluwininc\"]}]}<\/script>\n<!-- \/ Yoast SEO plugin. -->","yoast_head_json":{"title":"Team - Services Soluwin Inc.","robots":{"index":"index","follow":"follow","max-snippet":"max-snippet:-1","max-image-preview":"max-image-preview:large","max-video-preview":"max-video-preview:-1"},"canonical":"https:\/\/soluwin.ca\/en\/team\/","og_locale":"en_US","og_type":"article","og_title":"Team - Services Soluwin Inc.","og_description":"Our team","og_url":"https:\/\/soluwin.ca\/en\/team\/","og_site_name":"Services Soluwin Inc.","article_publisher":"https:\/\/www.facebook.com\/soluwininc","article_modified_time":"2026-03-20T16:03:17+00:00","twitter_card":"summary_large_image","twitter_misc":{"Est. reading time":"10 minutes"},"schema":{"@context":"https:\/\/schema.org","@graph":[{"@type":"WebPage","@id":"https:\/\/soluwin.ca\/en\/team\/","url":"https:\/\/soluwin.ca\/en\/team\/","name":"Team - Services Soluwin Inc.","isPartOf":{"@id":"https:\/\/soluwin.ca\/en\/#website"},"datePublished":"2024-02-09T13:38:03+00:00","dateModified":"2026-03-20T16:03:17+00:00","breadcrumb":{"@id":"https:\/\/soluwin.ca\/en\/team\/#breadcrumb"},"inLanguage":"en-US","potentialAction":[{"@type":"ReadAction","target":["https:\/\/soluwin.ca\/en\/team\/"]}]},{"@type":"BreadcrumbList","@id":"https:\/\/soluwin.ca\/en\/team\/#breadcrumb","itemListElement":[{"@type":"ListItem","position":1,"name":"Accueil","item":"https:\/\/soluwin.ca\/en\/"},{"@type":"ListItem","position":2,"name":"Team"}]},{"@type":"WebSite","@id":"https:\/\/soluwin.ca\/en\/#website","url":"https:\/\/soluwin.ca\/en\/","name":"Services Soluwin Inc.","description":"Maintenance et r\u00e9paration industrielle dans les secteurs \u00e9olien et solaire en Am\u00e9rique du Nord","publisher":{"@id":"https:\/\/soluwin.ca\/en\/#organization"},"potentialAction":[{"@type":"SearchAction","target":{"@type":"EntryPoint","urlTemplate":"https:\/\/soluwin.ca\/en\/?s={search_term_string}"},"query-input":{"@type":"PropertyValueSpecification","valueRequired":true,"valueName":"search_term_string"}}],"inLanguage":"en-US"},{"@type":"Organization","@id":"https:\/\/soluwin.ca\/en\/#organization","name":"Services Soluwin Inc.","url":"https:\/\/soluwin.ca\/en\/","logo":{"@type":"ImageObject","inLanguage":"en-US","@id":"https:\/\/soluwin.ca\/en\/#\/schema\/logo\/image\/","url":"https:\/\/soluwin.ca\/wp-content\/uploads\/2024\/02\/Logo-Soluwin-Eolien-Solaire.png","contentUrl":"https:\/\/soluwin.ca\/wp-content\/uploads\/2024\/02\/Logo-Soluwin-Eolien-Solaire.png","width":415,"height":426,"caption":"Services Soluwin Inc."},"image":{"@id":"https:\/\/soluwin.ca\/en\/#\/schema\/logo\/image\/"},"sameAs":["https:\/\/www.facebook.com\/soluwininc"]}]}},"_links":{"self":[{"href":"https:\/\/soluwin.ca\/en\/wp-json\/wp\/v2\/pages\/672","targetHints":{"allow":["GET"]}}],"collection":[{"href":"https:\/\/soluwin.ca\/en\/wp-json\/wp\/v2\/pages"}],"about":[{"href":"https:\/\/soluwin.ca\/en\/wp-json\/wp\/v2\/types\/page"}],"author":[{"embeddable":true,"href":"https:\/\/soluwin.ca\/en\/wp-json\/wp\/v2\/users\/1"}],"replies":[{"embeddable":true,"href":"https:\/\/soluwin.ca\/en\/wp-json\/wp\/v2\/comments?post=672"}],"version-history":[{"count":54,"href":"https:\/\/soluwin.ca\/en\/wp-json\/wp\/v2\/pages\/672\/revisions"}],"predecessor-version":[{"id":1142,"href":"https:\/\/soluwin.ca\/en\/wp-json\/wp\/v2\/pages\/672\/revisions\/1142"}],"wp:attachment":[{"href":"https:\/\/soluwin.ca\/en\/wp-json\/wp\/v2\/media?parent=672"}],"curies":[{"name":"wp","href":"https:\/\/api.w.org\/{rel}","templated":true}]}}